
{"id":47506,"date":"2025-10-23T19:34:53","date_gmt":"2025-10-23T17:34:53","guid":{"rendered":"https:\/\/triangle.cat\/producto\/la-casa-navas\/"},"modified":"2025-10-23T20:06:47","modified_gmt":"2025-10-23T18:06:47","slug":"la-casa-navas","status":"publish","type":"product","link":"https:\/\/triangle.cat\/es\/producto\/la-casa-navas\/","title":{"rendered":"La Casa Nav\u00e0s"},"content":{"rendered":"","protected":false},"excerpt":{"rendered":"<p>La Casa Nav\u00e0s es una joya del Modernismo que se ha preservado tal como la concibi\u00f3 Llu\u00eds Dom\u00e8nech i Montaner, autor de obras emblem\u00e1ticas como el Palau de la M\u00fasica Catalana o el Hospital de Sant Pau, declaradas patrimonio mundial por la Unesco. El arquitecto integr\u00f3 en la Casa Nav\u00e0s todas las artes pl\u00e1sticas y decorativas. Trabajaron en ella los mejores artistas de cada campo, que la vistieron con mosaicos, esculturas, muebles, cer\u00e1micas y vidrieras espectaculares. El resultado es un prodigio que, sin duda, merece la pena visitar.<\/p>\n","protected":false},"featured_media":47454,"comment_status":"closed","ping_status":"closed","template":"","meta":{"_acf_changed":false,"_monsterinsights_skip_tracking":false,"_monsterinsights_sitenote_active":false,"_monsterinsights_sitenote_note":"","_monsterinsights_sitenote_category":0},"product_brand":[],"product_cat":[1537,1543,1529],"product_tag":[],"class_list":{"0":"post-47506","1":"product","2":"type-product","3":"status-publish","4":"has-post-thumbnail","6":"product_cat-arte-y-arquitectura-es","7":"product_cat-cataluna-es","8":"product_cat-libros","9":"pa_idioma-catala-english-es","10":"pa_idioma-espanol-francais-es","12":"first","13":"instock","14":"taxable","15":"shipping-taxable","16":"purchasable","17":"product-type-variable"},"acf":[],"_links":{"self":[{"href":"https:\/\/triangle.cat\/es\/wp-json\/wp\/v2\/product\/47506","targetHints":{"allow":["GET"]}}],"collection":[{"href":"https:\/\/triangle.cat\/es\/wp-json\/wp\/v2\/product"}],"about":[{"href":"https:\/\/triangle.cat\/es\/wp-json\/wp\/v2\/types\/product"}],"replies":[{"embeddable":true,"href":"https:\/\/triangle.cat\/es\/wp-json\/wp\/v2\/comments?post=47506"}],"wp:featuredmedia":[{"embeddable":true,"href":"https:\/\/triangle.cat\/es\/wp-json\/wp\/v2\/media\/47454"}],"wp:attachment":[{"href":"https:\/\/triangle.cat\/es\/wp-json\/wp\/v2\/media?parent=47506"}],"wp:term":[{"taxonomy":"product_brand","embeddable":true,"href":"https:\/\/triangle.cat\/es\/wp-json\/wp\/v2\/product_brand?post=47506"},{"taxonomy":"product_cat","embeddable":true,"href":"https:\/\/triangle.cat\/es\/wp-json\/wp\/v2\/product_cat?post=47506"},{"taxonomy":"product_tag","embeddable":true,"href":"https:\/\/triangle.cat\/es\/wp-json\/wp\/v2\/product_tag?post=47506"}],"curies":[{"name":"wp","href":"https:\/\/api.w.org\/{rel}","templated":true}]}}