
{"id":47340,"date":"2025-10-20T12:23:36","date_gmt":"2025-10-20T10:23:36","guid":{"rendered":"https:\/\/triangle.cat\/?post_type=product&#038;p=47340"},"modified":"2025-10-20T12:25:18","modified_gmt":"2025-10-20T10:25:18","slug":"gaudi-x-gaudi","status":"publish","type":"product","link":"https:\/\/triangle.cat\/es\/producto\/gaudi-x-gaudi\/","title":{"rendered":"Gaud\u00ed \u00d7 Gaud\u00ed"},"content":{"rendered":"","protected":false},"excerpt":{"rendered":"<p>\u00bfCual era la visi\u00f3n del mundo de Antoni Gaud\u00ed? \u00bfQu\u00e9 pensaba el arquitecto sobre la belleza, la luz, el arte, la geometr\u00eda o la naturaleza?<\/p>\n<p>Este volumen recoge los aspectos fundamentales de su filosof\u00eda, a trav\u00e9s de citas recopiladas por sus disc\u00edpulos, y los ejemplifi ca con multitud de im\u00e1genes de sus obras m\u00e1s conocidas.<\/p>\n","protected":false},"featured_media":47333,"comment_status":"closed","ping_status":"closed","template":"","meta":{"_acf_changed":false,"_monsterinsights_skip_tracking":false,"_monsterinsights_sitenote_active":false,"_monsterinsights_sitenote_note":"","_monsterinsights_sitenote_category":0},"product_brand":[],"product_cat":[1558,1529,1460],"product_tag":[],"class_list":{"0":"post-47340","1":"product","2":"type-product","3":"status-publish","4":"has-post-thumbnail","6":"product_cat-antoni-gaudi-es","7":"product_cat-libros","8":"product_cat-sin-categorizar-es","9":"pa_idioma-multilingue-catala-francais-italiano","10":"pa_idioma-multilingue-english-espanol-deutsch-es","12":"first","13":"instock","14":"taxable","15":"shipping-taxable","16":"purchasable","17":"product-type-variable"},"acf":[],"_links":{"self":[{"href":"https:\/\/triangle.cat\/es\/wp-json\/wp\/v2\/product\/47340","targetHints":{"allow":["GET"]}}],"collection":[{"href":"https:\/\/triangle.cat\/es\/wp-json\/wp\/v2\/product"}],"about":[{"href":"https:\/\/triangle.cat\/es\/wp-json\/wp\/v2\/types\/product"}],"replies":[{"embeddable":true,"href":"https:\/\/triangle.cat\/es\/wp-json\/wp\/v2\/comments?post=47340"}],"wp:featuredmedia":[{"embeddable":true,"href":"https:\/\/triangle.cat\/es\/wp-json\/wp\/v2\/media\/47333"}],"wp:attachment":[{"href":"https:\/\/triangle.cat\/es\/wp-json\/wp\/v2\/media?parent=47340"}],"wp:term":[{"taxonomy":"product_brand","embeddable":true,"href":"https:\/\/triangle.cat\/es\/wp-json\/wp\/v2\/product_brand?post=47340"},{"taxonomy":"product_cat","embeddable":true,"href":"https:\/\/triangle.cat\/es\/wp-json\/wp\/v2\/product_cat?post=47340"},{"taxonomy":"product_tag","embeddable":true,"href":"https:\/\/triangle.cat\/es\/wp-json\/wp\/v2\/product_tag?post=47340"}],"curies":[{"name":"wp","href":"https:\/\/api.w.org\/{rel}","templated":true}]}}