
{"id":47265,"date":"2025-10-20T10:50:08","date_gmt":"2025-10-20T08:50:08","guid":{"rendered":"https:\/\/triangle.cat\/producto\/casa-navas-tarragona\/"},"modified":"2025-10-20T12:21:54","modified_gmt":"2025-10-20T10:21:54","slug":"casa-navas-tarragona","status":"publish","type":"product","link":"https:\/\/triangle.cat\/es\/producto\/casa-navas-tarragona\/","title":{"rendered":"Casa Nav\u00e0s"},"content":{"rendered":"","protected":false},"excerpt":{"rendered":"<p>Este libro quiere poner en valor la Casa Nav\u00e0s, reusenca y dome-nequiana, sin duda, una aut\u00e9ntica joya del Modernismo europeo. Asimismo, refleja el inventario de la arquitectura del Camp de Tarragona y de las Terres de l\u2019Ebre entre 1880 y 1930.<\/p>\n<p>Encontrar\u00e9is casi setecientas referencias, la mayor\u00eda modernistas, pero tambi\u00e9n ecl\u00e9cticas y novecentistas. Est\u00e1n estructuradas por comarcas, con obras de Antoni Gaud\u00ed, Llu\u00eds Dom\u00e8nech i Montaner, Josep Maria Jujol, C\u00e9sar Martinell, Pau Mongui\u00f3, Joan Rubi\u00f3, Francesc Berenguer, Pedro Caselles, Josep Maria Pujol de Barber\u00e0, Pau Mongui\u00f3 o Ramon Salas entre otros.<\/p>\n<p>Espectaculares im\u00e1genes y las correspondientes infograf\u00edas que os proponen posibles itinerarios. Disfrutad de una enriquecedora lectura acompa\u00f1ada por evocadoras fotograf\u00edas.<\/p>\n","protected":false},"featured_media":47269,"comment_status":"closed","ping_status":"closed","template":"","meta":{"_acf_changed":false,"_monsterinsights_skip_tracking":false,"_monsterinsights_sitenote_active":false,"_monsterinsights_sitenote_note":"","_monsterinsights_sitenote_category":0},"product_brand":[],"product_cat":[1543,1529],"product_tag":[],"class_list":{"0":"post-47265","1":"product","2":"type-product","3":"status-publish","4":"has-post-thumbnail","6":"product_cat-cataluna-es","7":"product_cat-libros","8":"pa_idioma-catala-english-es","9":"pa_idioma-espanol-francais-es","11":"first","12":"instock","13":"taxable","14":"shipping-taxable","15":"purchasable","16":"product-type-variable"},"acf":[],"_links":{"self":[{"href":"https:\/\/triangle.cat\/es\/wp-json\/wp\/v2\/product\/47265","targetHints":{"allow":["GET"]}}],"collection":[{"href":"https:\/\/triangle.cat\/es\/wp-json\/wp\/v2\/product"}],"about":[{"href":"https:\/\/triangle.cat\/es\/wp-json\/wp\/v2\/types\/product"}],"replies":[{"embeddable":true,"href":"https:\/\/triangle.cat\/es\/wp-json\/wp\/v2\/comments?post=47265"}],"wp:featuredmedia":[{"embeddable":true,"href":"https:\/\/triangle.cat\/es\/wp-json\/wp\/v2\/media\/47269"}],"wp:attachment":[{"href":"https:\/\/triangle.cat\/es\/wp-json\/wp\/v2\/media?parent=47265"}],"wp:term":[{"taxonomy":"product_brand","embeddable":true,"href":"https:\/\/triangle.cat\/es\/wp-json\/wp\/v2\/product_brand?post=47265"},{"taxonomy":"product_cat","embeddable":true,"href":"https:\/\/triangle.cat\/es\/wp-json\/wp\/v2\/product_cat?post=47265"},{"taxonomy":"product_tag","embeddable":true,"href":"https:\/\/triangle.cat\/es\/wp-json\/wp\/v2\/product_tag?post=47265"}],"curies":[{"name":"wp","href":"https:\/\/api.w.org\/{rel}","templated":true}]}}