
{"id":47028,"date":"2025-09-17T14:12:09","date_gmt":"2025-09-17T12:12:09","guid":{"rendered":"https:\/\/triangle.cat\/producto\/calendario-catalunya-romanica-2026\/"},"modified":"2025-09-17T14:15:28","modified_gmt":"2025-09-17T12:15:28","slug":"calendario-cataluna-romanica-2026","status":"publish","type":"product","link":"https:\/\/triangle.cat\/es\/producto\/calendario-cataluna-romanica-2026\/","title":{"rendered":"Calendario Catalu\u00f1a Rom\u00e1nica 2026"},"content":{"rendered":"","protected":false},"excerpt":{"rendered":"<p>Viaja al coraz\u00f3n del rom\u00e1nico catal\u00e1n con el calendario Catalu\u00f1a Rom\u00e1nica 2026, que te ofrece una mirada \u00fanica a los tesoros arqui-tect\u00f3nicos de nuestro patrimonio medieval. Cada mes, una iglesia, un monasterio o un detalle escult\u00f3rico. Ideal para los amantes del arte, la historia y el paisaje catal\u00e1n.<\/p>\n<p>EAN: 8424455260284<\/p>\n","protected":false},"featured_media":47007,"comment_status":"closed","ping_status":"closed","template":"","meta":{"_acf_changed":false,"_monsterinsights_skip_tracking":false,"_monsterinsights_sitenote_active":false,"_monsterinsights_sitenote_note":"","_monsterinsights_sitenote_category":0},"product_brand":[],"product_cat":[1851,1852],"product_tag":[],"class_list":{"0":"post-47028","1":"product","2":"type-product","3":"status-publish","4":"has-post-thumbnail","6":"product_cat-calendarios","7":"product_cat-pared-gran-formato","9":"first","10":"instock","11":"taxable","12":"shipping-taxable","13":"purchasable","14":"product-type-simple"},"acf":[],"_links":{"self":[{"href":"https:\/\/triangle.cat\/es\/wp-json\/wp\/v2\/product\/47028","targetHints":{"allow":["GET"]}}],"collection":[{"href":"https:\/\/triangle.cat\/es\/wp-json\/wp\/v2\/product"}],"about":[{"href":"https:\/\/triangle.cat\/es\/wp-json\/wp\/v2\/types\/product"}],"replies":[{"embeddable":true,"href":"https:\/\/triangle.cat\/es\/wp-json\/wp\/v2\/comments?post=47028"}],"wp:featuredmedia":[{"embeddable":true,"href":"https:\/\/triangle.cat\/es\/wp-json\/wp\/v2\/media\/47007"}],"wp:attachment":[{"href":"https:\/\/triangle.cat\/es\/wp-json\/wp\/v2\/media?parent=47028"}],"wp:term":[{"taxonomy":"product_brand","embeddable":true,"href":"https:\/\/triangle.cat\/es\/wp-json\/wp\/v2\/product_brand?post=47028"},{"taxonomy":"product_cat","embeddable":true,"href":"https:\/\/triangle.cat\/es\/wp-json\/wp\/v2\/product_cat?post=47028"},{"taxonomy":"product_tag","embeddable":true,"href":"https:\/\/triangle.cat\/es\/wp-json\/wp\/v2\/product_tag?post=47028"}],"curies":[{"name":"wp","href":"https:\/\/api.w.org\/{rel}","templated":true}]}}