
{"id":46993,"date":"2025-09-17T13:47:26","date_gmt":"2025-09-17T11:47:26","guid":{"rendered":"https:\/\/triangle.cat\/producto\/barcelona-2026\/"},"modified":"2025-12-19T16:23:08","modified_gmt":"2025-12-19T14:23:08","slug":"calendario-barcelona-2026-capital-mundial-de-la-arquitectura","status":"publish","type":"product","link":"https:\/\/triangle.cat\/es\/producto\/calendario-barcelona-2026-capital-mundial-de-la-arquitectura\/","title":{"rendered":"Calendario Barcelona 2026"},"content":{"rendered":"","protected":false},"excerpt":{"rendered":"<p>Este a\u00f1o, Barcelona es la Capital Mundial de la Arquitectura, y lo celebramos con un calendario \u00fanico que te llevar\u00e1 por los espacios m\u00e1s emblem\u00e1ticos de la arquitectura moderna de la ciudad. Un viaje visual por una ciudad que mira al futuro sin olvidar su legado.<\/p>\n<p>EAN: 8424455260154<\/p>\n","protected":false},"featured_media":46973,"comment_status":"closed","ping_status":"closed","template":"","meta":{"_acf_changed":false,"_monsterinsights_skip_tracking":false,"_monsterinsights_sitenote_active":false,"_monsterinsights_sitenote_note":"","_monsterinsights_sitenote_category":0},"product_brand":[],"product_cat":[1851,1852],"product_tag":[],"class_list":{"0":"post-46993","1":"product","2":"type-product","3":"status-publish","4":"has-post-thumbnail","6":"product_cat-calendarios","7":"product_cat-pared-gran-formato","9":"first","10":"instock","11":"taxable","12":"shipping-taxable","13":"purchasable","14":"product-type-simple"},"acf":[],"_links":{"self":[{"href":"https:\/\/triangle.cat\/es\/wp-json\/wp\/v2\/product\/46993","targetHints":{"allow":["GET"]}}],"collection":[{"href":"https:\/\/triangle.cat\/es\/wp-json\/wp\/v2\/product"}],"about":[{"href":"https:\/\/triangle.cat\/es\/wp-json\/wp\/v2\/types\/product"}],"replies":[{"embeddable":true,"href":"https:\/\/triangle.cat\/es\/wp-json\/wp\/v2\/comments?post=46993"}],"wp:featuredmedia":[{"embeddable":true,"href":"https:\/\/triangle.cat\/es\/wp-json\/wp\/v2\/media\/46973"}],"wp:attachment":[{"href":"https:\/\/triangle.cat\/es\/wp-json\/wp\/v2\/media?parent=46993"}],"wp:term":[{"taxonomy":"product_brand","embeddable":true,"href":"https:\/\/triangle.cat\/es\/wp-json\/wp\/v2\/product_brand?post=46993"},{"taxonomy":"product_cat","embeddable":true,"href":"https:\/\/triangle.cat\/es\/wp-json\/wp\/v2\/product_cat?post=46993"},{"taxonomy":"product_tag","embeddable":true,"href":"https:\/\/triangle.cat\/es\/wp-json\/wp\/v2\/product_tag?post=46993"}],"curies":[{"name":"wp","href":"https:\/\/api.w.org\/{rel}","templated":true}]}}