
{"id":46948,"date":"2025-09-17T12:58:39","date_gmt":"2025-09-17T10:58:39","guid":{"rendered":"https:\/\/triangle.cat\/producto\/poster-per-a-colorir-casa-batllo\/"},"modified":"2025-09-17T13:16:17","modified_gmt":"2025-09-17T11:16:17","slug":"poster-para-colorear-casa-batllo","status":"publish","type":"product","link":"https:\/\/triangle.cat\/es\/producto\/poster-para-colorear-casa-batllo\/","title":{"rendered":"Poster para colorear Casa Batll\u00f3"},"content":{"rendered":"","protected":false},"excerpt":{"rendered":"<p>Un p\u00f3ster que combina juego, diversi\u00f3n y decoraci\u00f3n. Los peque\u00f1os (y los no tan peque\u00f1os), solos o en compa\u00f1\u00eda, podr\u00e1n internarse en el mundo<br \/>\nde Gaud\u00ed a trav\u00e9s de una de sus obras m\u00e1s excepcionales, la Casa Batll\u00f3.<\/p>\n<p>Arquitectura, arte, biolog\u00eda, historia, fauna, flora, astronom\u00eda\u2026 No hay tem\u00e1tica que el color no pueda abarcar y que la ilustraci\u00f3n no pueda explicar.<\/p>\n<p>\u00a1Una fusi\u00f3n perfecta de creatividad, diversi\u00f3n y aprendizaje!<\/p>\n","protected":false},"featured_media":46919,"comment_status":"closed","ping_status":"closed","template":"","meta":{"_acf_changed":false,"_monsterinsights_skip_tracking":false,"_monsterinsights_sitenote_active":false,"_monsterinsights_sitenote_note":"","_monsterinsights_sitenote_category":0},"product_brand":[],"product_cat":[1913],"product_tag":[],"class_list":{"0":"post-46948","1":"product","2":"type-product","3":"status-publish","4":"has-post-thumbnail","6":"product_cat-llibres-infantils-es","7":"pa_idioma-english-es","8":"pa_idioma-espanol-es-2","10":"first","11":"instock","12":"taxable","13":"shipping-taxable","14":"purchasable","15":"product-type-variable"},"acf":[],"_links":{"self":[{"href":"https:\/\/triangle.cat\/es\/wp-json\/wp\/v2\/product\/46948","targetHints":{"allow":["GET"]}}],"collection":[{"href":"https:\/\/triangle.cat\/es\/wp-json\/wp\/v2\/product"}],"about":[{"href":"https:\/\/triangle.cat\/es\/wp-json\/wp\/v2\/types\/product"}],"replies":[{"embeddable":true,"href":"https:\/\/triangle.cat\/es\/wp-json\/wp\/v2\/comments?post=46948"}],"wp:featuredmedia":[{"embeddable":true,"href":"https:\/\/triangle.cat\/es\/wp-json\/wp\/v2\/media\/46919"}],"wp:attachment":[{"href":"https:\/\/triangle.cat\/es\/wp-json\/wp\/v2\/media?parent=46948"}],"wp:term":[{"taxonomy":"product_brand","embeddable":true,"href":"https:\/\/triangle.cat\/es\/wp-json\/wp\/v2\/product_brand?post=46948"},{"taxonomy":"product_cat","embeddable":true,"href":"https:\/\/triangle.cat\/es\/wp-json\/wp\/v2\/product_cat?post=46948"},{"taxonomy":"product_tag","embeddable":true,"href":"https:\/\/triangle.cat\/es\/wp-json\/wp\/v2\/product_tag?post=46948"}],"curies":[{"name":"wp","href":"https:\/\/api.w.org\/{rel}","templated":true}]}}