
{"id":46910,"date":"2025-09-17T12:07:24","date_gmt":"2025-09-17T10:07:24","guid":{"rendered":"https:\/\/triangle.cat\/producto\/calendari-per-a-colorir-2026\/"},"modified":"2025-12-23T11:38:13","modified_gmt":"2025-12-23T09:38:13","slug":"calendario-para-colorear-2026","status":"publish","type":"product","link":"https:\/\/triangle.cat\/es\/producto\/calendario-para-colorear-2026\/","title":{"rendered":"Calendario para colorear 2026"},"content":{"rendered":"","protected":false},"excerpt":{"rendered":"<p>Se\u00f1ala las fechas m\u00e1s importantes para ti en este calendario para colorear.<\/p>\n<p>Cada d\u00eda es \u00fanico: personal\u00edzalo seg\u00fan el tiempo que ha hecho o c\u00f3mo te lo has pasado. Fija los cumplea\u00f1os de toda la familia y de tus amigos. Guarda para el recuerdo los hitos m\u00e1s relevantes del a\u00f1o y las fechas en las que te ha sucedido algo especial. Dibuja y pinta en familia todo lo que se te ocurra. Marca todas las fiestas, las celebraciones m\u00e1s destacadas, los viajes, las vacaciones, las actividades m\u00e1s esperadas e incluso las verduras de temporada que m\u00e1s te gustan. Haz un calendario de Adviento propio.<\/p>\n<p>\u00a1Mes a mes, una nueva aventura para decorar!<\/p>\n<p>\u00b7 Clima semana a semana<\/p>\n<p>\u00b7 Calendario de Adviento<\/p>\n<p>\u00b7 Texto en seis idiomas<\/p>\n<p>&nbsp;<\/p>\n","protected":false},"featured_media":46886,"comment_status":"closed","ping_status":"closed","template":"","meta":{"_acf_changed":false,"_monsterinsights_skip_tracking":false,"_monsterinsights_sitenote_active":false,"_monsterinsights_sitenote_note":"","_monsterinsights_sitenote_category":0},"product_brand":[],"product_cat":[1913],"product_tag":[],"class_list":{"0":"post-46910","1":"product","2":"type-product","3":"status-publish","4":"has-post-thumbnail","6":"product_cat-llibres-infantils-es","7":"pa_idioma-multiidioma-es","9":"first","10":"instock","11":"taxable","12":"shipping-taxable","13":"purchasable","14":"product-type-variable"},"acf":[],"_links":{"self":[{"href":"https:\/\/triangle.cat\/es\/wp-json\/wp\/v2\/product\/46910","targetHints":{"allow":["GET"]}}],"collection":[{"href":"https:\/\/triangle.cat\/es\/wp-json\/wp\/v2\/product"}],"about":[{"href":"https:\/\/triangle.cat\/es\/wp-json\/wp\/v2\/types\/product"}],"replies":[{"embeddable":true,"href":"https:\/\/triangle.cat\/es\/wp-json\/wp\/v2\/comments?post=46910"}],"wp:featuredmedia":[{"embeddable":true,"href":"https:\/\/triangle.cat\/es\/wp-json\/wp\/v2\/media\/46886"}],"wp:attachment":[{"href":"https:\/\/triangle.cat\/es\/wp-json\/wp\/v2\/media?parent=46910"}],"wp:term":[{"taxonomy":"product_brand","embeddable":true,"href":"https:\/\/triangle.cat\/es\/wp-json\/wp\/v2\/product_brand?post=46910"},{"taxonomy":"product_cat","embeddable":true,"href":"https:\/\/triangle.cat\/es\/wp-json\/wp\/v2\/product_cat?post=46910"},{"taxonomy":"product_tag","embeddable":true,"href":"https:\/\/triangle.cat\/es\/wp-json\/wp\/v2\/product_tag?post=46910"}],"curies":[{"name":"wp","href":"https:\/\/api.w.org\/{rel}","templated":true}]}}