
{"id":46873,"date":"2025-09-17T11:34:10","date_gmt":"2025-09-17T09:34:10","guid":{"rendered":"https:\/\/triangle.cat\/producto\/la-nedadora\/"},"modified":"2025-09-19T22:13:33","modified_gmt":"2025-09-19T20:13:33","slug":"la-nedadora","status":"publish","type":"product","link":"https:\/\/triangle.cat\/es\/producto\/la-nedadora\/","title":{"rendered":"La nadadora"},"content":{"rendered":"","protected":false},"excerpt":{"rendered":"<p>Tita Llorens (Ciutadella, 1968) es una gran nadadora que realiza largas traves\u00edas, tanto en agua salada como en agua dulce.<\/p>\n<p>En esta preciosa historia, y a trav\u00e9s de los ojos de su nieta Mia, la acompa\u00f1amos por la aventura de atreverse a hacer lo que una quiere, sin que el g\u00e9nero o la edad sean obst\u00e1culos.<\/p>\n<p>Una historia de valor y perseverancia vestida de ternura y amor entre generaciones.<\/p>\n","protected":false},"featured_media":47052,"comment_status":"closed","ping_status":"closed","template":"","meta":{"_acf_changed":false,"_monsterinsights_skip_tracking":false,"_monsterinsights_sitenote_active":false,"_monsterinsights_sitenote_note":"","_monsterinsights_sitenote_category":0},"product_brand":[],"product_cat":[1564,1567,1913],"product_tag":[],"class_list":{"0":"post-46873","1":"product","2":"type-product","3":"status-publish","4":"has-post-thumbnail","6":"product_cat-infantil-es","7":"product_cat-libros-ilustrados","8":"product_cat-llibres-infantils-es","9":"pa_idioma-catalan","10":"pa_idioma-espanol-es-2","11":"pa_idioma-euskera-es","13":"first","14":"instock","15":"taxable","16":"shipping-taxable","17":"purchasable","18":"product-type-variable"},"acf":[],"_links":{"self":[{"href":"https:\/\/triangle.cat\/es\/wp-json\/wp\/v2\/product\/46873","targetHints":{"allow":["GET"]}}],"collection":[{"href":"https:\/\/triangle.cat\/es\/wp-json\/wp\/v2\/product"}],"about":[{"href":"https:\/\/triangle.cat\/es\/wp-json\/wp\/v2\/types\/product"}],"replies":[{"embeddable":true,"href":"https:\/\/triangle.cat\/es\/wp-json\/wp\/v2\/comments?post=46873"}],"wp:featuredmedia":[{"embeddable":true,"href":"https:\/\/triangle.cat\/es\/wp-json\/wp\/v2\/media\/47052"}],"wp:attachment":[{"href":"https:\/\/triangle.cat\/es\/wp-json\/wp\/v2\/media?parent=46873"}],"wp:term":[{"taxonomy":"product_brand","embeddable":true,"href":"https:\/\/triangle.cat\/es\/wp-json\/wp\/v2\/product_brand?post=46873"},{"taxonomy":"product_cat","embeddable":true,"href":"https:\/\/triangle.cat\/es\/wp-json\/wp\/v2\/product_cat?post=46873"},{"taxonomy":"product_tag","embeddable":true,"href":"https:\/\/triangle.cat\/es\/wp-json\/wp\/v2\/product_tag?post=46873"}],"curies":[{"name":"wp","href":"https:\/\/api.w.org\/{rel}","templated":true}]}}