
{"id":46706,"date":"2025-09-03T12:06:54","date_gmt":"2025-09-03T10:06:54","guid":{"rendered":"https:\/\/triangle.cat\/producto\/barcelona-postals-per-a-pintar\/"},"modified":"2025-09-03T12:27:17","modified_gmt":"2025-09-03T10:27:17","slug":"barcelona-postales-para-colorear","status":"publish","type":"product","link":"https:\/\/triangle.cat\/es\/producto\/barcelona-postales-para-colorear\/","title":{"rendered":"Barcelona"},"content":{"rendered":"","protected":false},"excerpt":{"rendered":"<p>Ahora, t\u00fa eliges el COLOR de Barcelona.<\/p>\n<p>Un pack de postales para jugar y aprender donde quiera que est\u00e9s y enviar creaciones espectaculares a tus amigos o a tu familia.<\/p>\n<p>Compra en el mercado de la Boqueria, b\u00e1\u00f1ate en las playas de la Barceloneta o del Poble Nou, sube al parque de atracciones del Tibidabo, visita a los animales del Zoo, entra en el mundo enigm\u00e1tico de Gaud\u00ed o ves a ver al Bar\u00e7a. \u00a1No hay nada que no puedas pintar!<\/p>\n<p>\u00a1Una fusi\u00f3n perfecta de creatividad, diversi\u00f3n y aprendizaje!<\/p>\n","protected":false},"featured_media":46668,"comment_status":"closed","ping_status":"closed","template":"","meta":{"_acf_changed":false,"_monsterinsights_skip_tracking":false,"_monsterinsights_sitenote_active":false,"_monsterinsights_sitenote_note":"","_monsterinsights_sitenote_category":0},"product_brand":[],"product_cat":[1564,1913,1460],"product_tag":[],"class_list":{"0":"post-46706","1":"product","2":"type-product","3":"status-publish","4":"has-post-thumbnail","6":"product_cat-infantil-es","7":"product_cat-llibres-infantils-es","8":"product_cat-sin-categorizar-es","10":"first","11":"instock","12":"taxable","13":"shipping-taxable","14":"purchasable","15":"product-type-simple"},"acf":[],"_links":{"self":[{"href":"https:\/\/triangle.cat\/es\/wp-json\/wp\/v2\/product\/46706","targetHints":{"allow":["GET"]}}],"collection":[{"href":"https:\/\/triangle.cat\/es\/wp-json\/wp\/v2\/product"}],"about":[{"href":"https:\/\/triangle.cat\/es\/wp-json\/wp\/v2\/types\/product"}],"replies":[{"embeddable":true,"href":"https:\/\/triangle.cat\/es\/wp-json\/wp\/v2\/comments?post=46706"}],"wp:featuredmedia":[{"embeddable":true,"href":"https:\/\/triangle.cat\/es\/wp-json\/wp\/v2\/media\/46668"}],"wp:attachment":[{"href":"https:\/\/triangle.cat\/es\/wp-json\/wp\/v2\/media?parent=46706"}],"wp:term":[{"taxonomy":"product_brand","embeddable":true,"href":"https:\/\/triangle.cat\/es\/wp-json\/wp\/v2\/product_brand?post=46706"},{"taxonomy":"product_cat","embeddable":true,"href":"https:\/\/triangle.cat\/es\/wp-json\/wp\/v2\/product_cat?post=46706"},{"taxonomy":"product_tag","embeddable":true,"href":"https:\/\/triangle.cat\/es\/wp-json\/wp\/v2\/product_tag?post=46706"}],"curies":[{"name":"wp","href":"https:\/\/api.w.org\/{rel}","templated":true}]}}