
{"id":46272,"date":"2025-07-11T15:01:36","date_gmt":"2025-07-11T13:01:36","guid":{"rendered":"https:\/\/triangle.cat\/producto\/la-pedrera-casa-mila-2\/"},"modified":"2025-07-11T17:39:20","modified_gmt":"2025-07-11T15:39:20","slug":"la-pedrera-casa-mila-2","status":"publish","type":"product","link":"https:\/\/triangle.cat\/es\/producto\/la-pedrera-casa-mila-2\/","title":{"rendered":"La Pedrera"},"content":{"rendered":"","protected":false},"excerpt":{"rendered":"<p>La publicaci\u00f3n de esta monograf\u00eda sirve para actualizar la informaci\u00f3n sobre el edificio y su historia, con art\u00edculos in\u00e9ditos y relevantes sobre el arte decorativo en este edificio residencial. Los art\u00edculos de expertos est\u00e1n ilustrados con im\u00e1genes hist\u00f3ricas, in\u00e9ditas y actuales de La Pedrera. Esta edici\u00f3n tambi\u00e9n incluye una cronolog\u00eda ilustrada. La colecci\u00f3n muestra que Gaud\u00ed hab\u00eda alcanzado su apogeo formal y estil\u00edstico cuando construy\u00f3 La Pedrera &#8211; Casa Mil\u00e0. Su singularidad y su valor patrimonial y art\u00edstico quedaron ampliamente demostrados cuando fue incluida en el cat\u00e1logo del Patrimonio Art\u00edstico de la ciudad de Barcelona en 1962, con la declaraci\u00f3n como Bien Cultural de Inter\u00e9s Nacional (BCIN) en 1969, y cuando la UNESCO la inscribi\u00f3 como Bien Cultural del Patrimonio de la Humanidad<br \/>\nen 1984 por su valor universal excepcional.<\/p>\n","protected":false},"featured_media":46185,"comment_status":"closed","ping_status":"closed","template":"","meta":{"_acf_changed":false,"_monsterinsights_skip_tracking":false,"_monsterinsights_sitenote_active":false,"_monsterinsights_sitenote_note":"","_monsterinsights_sitenote_category":0},"product_brand":[],"product_cat":[1558,1537,1529],"product_tag":[],"class_list":{"0":"post-46272","1":"product","2":"type-product","3":"status-publish","4":"has-post-thumbnail","6":"product_cat-antoni-gaudi-es","7":"product_cat-arte-y-arquitectura-es","8":"product_cat-libros","9":"pa_idioma-catalan","10":"pa_idioma-chino","11":"pa_idioma-espanol-es-2","12":"pa_idioma-ingles","14":"first","15":"instock","16":"taxable","17":"shipping-taxable","18":"purchasable","19":"product-type-variable"},"acf":[],"_links":{"self":[{"href":"https:\/\/triangle.cat\/es\/wp-json\/wp\/v2\/product\/46272","targetHints":{"allow":["GET"]}}],"collection":[{"href":"https:\/\/triangle.cat\/es\/wp-json\/wp\/v2\/product"}],"about":[{"href":"https:\/\/triangle.cat\/es\/wp-json\/wp\/v2\/types\/product"}],"replies":[{"embeddable":true,"href":"https:\/\/triangle.cat\/es\/wp-json\/wp\/v2\/comments?post=46272"}],"wp:featuredmedia":[{"embeddable":true,"href":"https:\/\/triangle.cat\/es\/wp-json\/wp\/v2\/media\/46185"}],"wp:attachment":[{"href":"https:\/\/triangle.cat\/es\/wp-json\/wp\/v2\/media?parent=46272"}],"wp:term":[{"taxonomy":"product_brand","embeddable":true,"href":"https:\/\/triangle.cat\/es\/wp-json\/wp\/v2\/product_brand?post=46272"},{"taxonomy":"product_cat","embeddable":true,"href":"https:\/\/triangle.cat\/es\/wp-json\/wp\/v2\/product_cat?post=46272"},{"taxonomy":"product_tag","embeddable":true,"href":"https:\/\/triangle.cat\/es\/wp-json\/wp\/v2\/product_tag?post=46272"}],"curies":[{"name":"wp","href":"https:\/\/api.w.org\/{rel}","templated":true}]}}