
{"id":45930,"date":"2025-06-30T00:15:26","date_gmt":"2025-06-29T22:15:26","guid":{"rendered":"https:\/\/triangle.cat\/producto\/la-casa-de-nines\/"},"modified":"2025-07-01T13:41:58","modified_gmt":"2025-07-01T11:41:58","slug":"la-casa-de-munecas","status":"publish","type":"product","link":"https:\/\/triangle.cat\/es\/producto\/la-casa-de-munecas\/","title":{"rendered":"Casa Batll\u00f3"},"content":{"rendered":"","protected":false},"excerpt":{"rendered":"<p>Un cuento con la forma de Casa Batll\u00f3 que, al abrirlo, se transforma en una casa de mu\u00f1ecas donde jugar con los personajes y el mobiliario de este ic\u00f3nico edificio de Barcelona. Con m\u00e1s de 30 adhesivos removibles, los peque\u00f1os viajeros podr\u00e1n crear millones de historias dentro de este incre\u00edble monumento, obra maestra de Antoni Gaud\u00ed.<\/p>\n","protected":false},"featured_media":45952,"comment_status":"closed","ping_status":"closed","template":"","meta":{"_acf_changed":false,"_monsterinsights_skip_tracking":false,"_monsterinsights_sitenote_active":false,"_monsterinsights_sitenote_note":"","_monsterinsights_sitenote_category":0},"product_brand":[],"product_cat":[1564,1913],"product_tag":[],"class_list":{"0":"post-45930","1":"product","2":"type-product","3":"status-publish","4":"has-post-thumbnail","6":"product_cat-infantil-es","7":"product_cat-llibres-infantils-es","8":"pa_idioma-multiidioma-es","10":"first","11":"instock","12":"taxable","13":"shipping-taxable","14":"product-type-variable"},"acf":[],"_links":{"self":[{"href":"https:\/\/triangle.cat\/es\/wp-json\/wp\/v2\/product\/45930","targetHints":{"allow":["GET"]}}],"collection":[{"href":"https:\/\/triangle.cat\/es\/wp-json\/wp\/v2\/product"}],"about":[{"href":"https:\/\/triangle.cat\/es\/wp-json\/wp\/v2\/types\/product"}],"replies":[{"embeddable":true,"href":"https:\/\/triangle.cat\/es\/wp-json\/wp\/v2\/comments?post=45930"}],"wp:featuredmedia":[{"embeddable":true,"href":"https:\/\/triangle.cat\/es\/wp-json\/wp\/v2\/media\/45952"}],"wp:attachment":[{"href":"https:\/\/triangle.cat\/es\/wp-json\/wp\/v2\/media?parent=45930"}],"wp:term":[{"taxonomy":"product_brand","embeddable":true,"href":"https:\/\/triangle.cat\/es\/wp-json\/wp\/v2\/product_brand?post=45930"},{"taxonomy":"product_cat","embeddable":true,"href":"https:\/\/triangle.cat\/es\/wp-json\/wp\/v2\/product_cat?post=45930"},{"taxonomy":"product_tag","embeddable":true,"href":"https:\/\/triangle.cat\/es\/wp-json\/wp\/v2\/product_tag?post=45930"}],"curies":[{"name":"wp","href":"https:\/\/api.w.org\/{rel}","templated":true}]}}