
{"id":45561,"date":"2022-03-06T00:00:00","date_gmt":"2022-03-05T22:00:00","guid":{"rendered":"https:\/\/triangle.cat\/producto\/calendario-2026-sobremesa-mini-modernisme\/"},"modified":"2025-11-30T23:07:43","modified_gmt":"2025-11-30T21:07:43","slug":"calendario-2026-sobremesa-mini-modernisme","status":"publish","type":"product","link":"https:\/\/triangle.cat\/es\/producto\/calendario-2026-sobremesa-mini-modernisme\/","title":{"rendered":"Calendario 2026 Sobremesa Mini Modernisme"},"content":{"rendered":"","protected":false},"excerpt":{"rendered":"<p>D\u00e9jate seducir por las fabulosas obras de este movimiento art\u00edstico que en Barcelona tuvo una extraordinaria acogida. Cuidadas im\u00e1genes que llenaran tus paredes de belleza y color. <\/br><\/br>EAN:8424455260567 &#8211; SM26MOD<\/p>\n","protected":false},"featured_media":45481,"comment_status":"closed","ping_status":"open","template":"","meta":{"_acf_changed":false,"_monsterinsights_skip_tracking":false,"_monsterinsights_sitenote_active":false,"_monsterinsights_sitenote_note":"","_monsterinsights_sitenote_category":0},"product_brand":[],"product_cat":[1853],"product_tag":[],"class_list":{"0":"post-45561","1":"product","2":"type-product","3":"status-publish","4":"has-post-thumbnail","6":"product_cat-sobremesa-mini","8":"first","9":"instock","10":"purchasable","11":"product-type-simple"},"acf":[],"_links":{"self":[{"href":"https:\/\/triangle.cat\/es\/wp-json\/wp\/v2\/product\/45561","targetHints":{"allow":["GET"]}}],"collection":[{"href":"https:\/\/triangle.cat\/es\/wp-json\/wp\/v2\/product"}],"about":[{"href":"https:\/\/triangle.cat\/es\/wp-json\/wp\/v2\/types\/product"}],"replies":[{"embeddable":true,"href":"https:\/\/triangle.cat\/es\/wp-json\/wp\/v2\/comments?post=45561"}],"wp:featuredmedia":[{"embeddable":true,"href":"https:\/\/triangle.cat\/es\/wp-json\/wp\/v2\/media\/45481"}],"wp:attachment":[{"href":"https:\/\/triangle.cat\/es\/wp-json\/wp\/v2\/media?parent=45561"}],"wp:term":[{"taxonomy":"product_brand","embeddable":true,"href":"https:\/\/triangle.cat\/es\/wp-json\/wp\/v2\/product_brand?post=45561"},{"taxonomy":"product_cat","embeddable":true,"href":"https:\/\/triangle.cat\/es\/wp-json\/wp\/v2\/product_cat?post=45561"},{"taxonomy":"product_tag","embeddable":true,"href":"https:\/\/triangle.cat\/es\/wp-json\/wp\/v2\/product_tag?post=45561"}],"curies":[{"name":"wp","href":"https:\/\/api.w.org\/{rel}","templated":true}]}}