
{"id":45555,"date":"2022-03-06T00:00:00","date_gmt":"2022-03-05T22:00:00","guid":{"rendered":"https:\/\/triangle.cat\/producto\/calendario-2026-sobremesa-mini-barcelona\/"},"modified":"2025-04-15T21:14:39","modified_gmt":"2025-04-15T19:14:39","slug":"calendario-2026-sobremesa-mini-barcelona","status":"publish","type":"product","link":"https:\/\/triangle.cat\/es\/producto\/calendario-2026-sobremesa-mini-barcelona\/","title":{"rendered":"Calendario 2026 Sobremesa Mini Barcelona"},"content":{"rendered":"","protected":false},"excerpt":{"rendered":"<p>Barcelona es la ciudad de Gaud\u00ed y mucho m\u00e1s. El Camp Nou, el Palau de la M\u00fasica, la Torre Agbar o el Palau Nacional son algunas de las im\u00e1genes que componen este calendario con el que deseamos mostrarte esta hermosa ciudad.<\/p>\n<p>\u2022        CALENDARIO 12 MESES \u2013 Disfruta cada mes de bellas fotograf\u00edas de Barcelona. Este calendario mensual de pared contiene 12 fotograf\u00edas diferentes, para los amantes de la ciudad condal.<br \/>\n\u2022        CALENDARIO 2024 PARED &#8211; Tama\u00f1o 30&#215;30 cm cerrado y 30&#215;60 cm. Formato ideal para colocarlo en la pared de cualquier habitaci\u00f3n. El calendario mensual tiene espacio para tomar notas y planificar el 2024. Visi\u00f3n global del mes completo y cada semana. Mes anterior y mes siguiente en cada hoja.<br \/>\n\u2022        CALENDARIO MUY COMPLETO &#8211; La semana empieza en lunes. Incluye n\u00famero de semana, festividades internacionales y calendario lunar en diferentes idiomas.<br \/>\n\u2022        IM\u00c1GENES DE ALTA CALIDAD \u2013 La calidad de las im\u00e1genes es nuestro sello. Im\u00e1genes en alta calidad a todo color. En nuestros calendarios 2024 utilizamos materiales sostenibles y seleccionamos a los mejores proveedores de proximidad, a los que exigimos las correspondientes certificaciones medioambientales y de gesti\u00f3n responsable de residuos.<br \/>\n\u2022        TRIANGLE POSTALS = Pasi\u00f3n por las im\u00e1genes + un excelente dise\u00f1o gr\u00e1fico y una cuidada impresi\u00f3n. Somos especialistas calendarios y en libros de alta calidad sobre patrimonio, cultura y paisaje desde 1982. Somos referentes en gu\u00edas sobre las Islas Baleares y las diferentes zonas de la costa mediterr\u00e1nea desde Girona a Almer\u00eda, y pioneros en popularizar la obra arquitect\u00f3nica de Antoni Gaud\u00ed \u2013en algunos casos hemos llegado a traducir nuestros libros a once lenguas.<br \/>\n\u2022        Calendario 2024 Sobremesa Mini<br \/>\n\u2022        Tama\u00f1o 9 x 12 cm cerrado.<br \/>\n\u2022        Hoja calendario mes vista<br \/>\n\u2022        Incluye n\u00famero de semana<br \/>\n\u2022        Festividades internacionales y calendario lunar<br \/>\n\u2022        Espacio para anotaciones<br \/>\n\u2022        Mes anterior y mes siguiente en cada hoja<br \/>\n\u2022        Im\u00e1genes de alta calidad a todo color <\/br><\/br>EAN:8424455260505 &#8211; SM26B<\/p>\n","protected":false},"featured_media":45379,"comment_status":"closed","ping_status":"open","template":"","meta":{"_acf_changed":false,"_monsterinsights_skip_tracking":false,"_monsterinsights_sitenote_active":false,"_monsterinsights_sitenote_note":"","_monsterinsights_sitenote_category":0},"product_brand":[],"product_cat":[1853],"product_tag":[],"class_list":{"0":"post-45555","1":"product","2":"type-product","3":"status-publish","4":"has-post-thumbnail","6":"product_cat-sobremesa-mini","8":"first","9":"instock","10":"purchasable","11":"product-type-simple"},"acf":[],"_links":{"self":[{"href":"https:\/\/triangle.cat\/es\/wp-json\/wp\/v2\/product\/45555","targetHints":{"allow":["GET"]}}],"collection":[{"href":"https:\/\/triangle.cat\/es\/wp-json\/wp\/v2\/product"}],"about":[{"href":"https:\/\/triangle.cat\/es\/wp-json\/wp\/v2\/types\/product"}],"replies":[{"embeddable":true,"href":"https:\/\/triangle.cat\/es\/wp-json\/wp\/v2\/comments?post=45555"}],"wp:featuredmedia":[{"embeddable":true,"href":"https:\/\/triangle.cat\/es\/wp-json\/wp\/v2\/media\/45379"}],"wp:attachment":[{"href":"https:\/\/triangle.cat\/es\/wp-json\/wp\/v2\/media?parent=45555"}],"wp:term":[{"taxonomy":"product_brand","embeddable":true,"href":"https:\/\/triangle.cat\/es\/wp-json\/wp\/v2\/product_brand?post=45555"},{"taxonomy":"product_cat","embeddable":true,"href":"https:\/\/triangle.cat\/es\/wp-json\/wp\/v2\/product_cat?post=45555"},{"taxonomy":"product_tag","embeddable":true,"href":"https:\/\/triangle.cat\/es\/wp-json\/wp\/v2\/product_tag?post=45555"}],"curies":[{"name":"wp","href":"https:\/\/api.w.org\/{rel}","templated":true}]}}