
{"id":45552,"date":"2022-03-06T00:00:00","date_gmt":"2022-03-05T22:00:00","guid":{"rendered":"https:\/\/triangle.cat\/producto\/calendario-2026-sobremesa-s-familia\/"},"modified":"2025-04-15T21:14:25","modified_gmt":"2025-04-15T19:14:25","slug":"calendario-2026-sobremesa-s-familia","status":"publish","type":"product","link":"https:\/\/triangle.cat\/es\/producto\/calendario-2026-sobremesa-s-familia\/","title":{"rendered":"Calendario 2026 Sobremesa S. Fam\u00edlia"},"content":{"rendered":"","protected":false},"excerpt":{"rendered":"<p>Acompa\u00f1a este a\u00f1o con la org\u00e1nica, colorista y excepcional belleza de la obra cumbre de Antoni Gaud\u00ed: La Sagrada Familia. <\/br><\/br>EAN:8424455260802 &#8211; S26SF<\/p>\n","protected":false},"featured_media":45340,"comment_status":"closed","ping_status":"closed","template":"","meta":{"_acf_changed":false,"_monsterinsights_skip_tracking":false,"_monsterinsights_sitenote_active":false,"_monsterinsights_sitenote_note":"","_monsterinsights_sitenote_category":0},"product_brand":[],"product_cat":[1856],"product_tag":[],"class_list":{"0":"post-45552","1":"product","2":"type-product","3":"status-publish","4":"has-post-thumbnail","6":"product_cat-sobremesa-cuadrado","8":"first","9":"outofstock","10":"purchasable","11":"product-type-simple"},"acf":[],"_links":{"self":[{"href":"https:\/\/triangle.cat\/es\/wp-json\/wp\/v2\/product\/45552","targetHints":{"allow":["GET"]}}],"collection":[{"href":"https:\/\/triangle.cat\/es\/wp-json\/wp\/v2\/product"}],"about":[{"href":"https:\/\/triangle.cat\/es\/wp-json\/wp\/v2\/types\/product"}],"replies":[{"embeddable":true,"href":"https:\/\/triangle.cat\/es\/wp-json\/wp\/v2\/comments?post=45552"}],"wp:featuredmedia":[{"embeddable":true,"href":"https:\/\/triangle.cat\/es\/wp-json\/wp\/v2\/media\/45340"}],"wp:attachment":[{"href":"https:\/\/triangle.cat\/es\/wp-json\/wp\/v2\/media?parent=45552"}],"wp:term":[{"taxonomy":"product_brand","embeddable":true,"href":"https:\/\/triangle.cat\/es\/wp-json\/wp\/v2\/product_brand?post=45552"},{"taxonomy":"product_cat","embeddable":true,"href":"https:\/\/triangle.cat\/es\/wp-json\/wp\/v2\/product_cat?post=45552"},{"taxonomy":"product_tag","embeddable":true,"href":"https:\/\/triangle.cat\/es\/wp-json\/wp\/v2\/product_tag?post=45552"}],"curies":[{"name":"wp","href":"https:\/\/api.w.org\/{rel}","templated":true}]}}