
{"id":45538,"date":"2022-03-06T00:00:00","date_gmt":"2022-03-05T22:00:00","guid":{"rendered":"https:\/\/triangle.cat\/producto\/calendario-2026-sobremesa-santiago-compostela\/"},"modified":"2025-04-15T21:12:58","modified_gmt":"2025-04-15T19:12:58","slug":"calendario-2026-sobremesa-santiago-compostela","status":"publish","type":"product","link":"https:\/\/triangle.cat\/es\/producto\/calendario-2026-sobremesa-santiago-compostela\/","title":{"rendered":"Calendario 2026 Sobremesa Santiago Compostela"},"content":{"rendered":"","protected":false},"excerpt":{"rendered":"<p>Descubre la magia de esta ciudad hist\u00f3rica a trav\u00e9s de doce impresionantes im\u00e1genes que te transportar\u00e1n a las calles empedradas y los monumentos emblem\u00e1ticos que hacen de Santiago un lugar \u00fanico. <\/br><\/br>EAN:8424455260659 &#8211; S26CO<\/p>\n","protected":false},"featured_media":45162,"comment_status":"closed","ping_status":"closed","template":"","meta":{"_acf_changed":false,"_monsterinsights_skip_tracking":false,"_monsterinsights_sitenote_active":false,"_monsterinsights_sitenote_note":"","_monsterinsights_sitenote_category":0},"product_brand":[],"product_cat":[1856],"product_tag":[],"class_list":{"0":"post-45538","1":"product","2":"type-product","3":"status-publish","4":"has-post-thumbnail","6":"product_cat-sobremesa-cuadrado","8":"first","9":"instock","10":"purchasable","11":"product-type-simple"},"acf":[],"_links":{"self":[{"href":"https:\/\/triangle.cat\/es\/wp-json\/wp\/v2\/product\/45538","targetHints":{"allow":["GET"]}}],"collection":[{"href":"https:\/\/triangle.cat\/es\/wp-json\/wp\/v2\/product"}],"about":[{"href":"https:\/\/triangle.cat\/es\/wp-json\/wp\/v2\/types\/product"}],"replies":[{"embeddable":true,"href":"https:\/\/triangle.cat\/es\/wp-json\/wp\/v2\/comments?post=45538"}],"wp:featuredmedia":[{"embeddable":true,"href":"https:\/\/triangle.cat\/es\/wp-json\/wp\/v2\/media\/45162"}],"wp:attachment":[{"href":"https:\/\/triangle.cat\/es\/wp-json\/wp\/v2\/media?parent=45538"}],"wp:term":[{"taxonomy":"product_brand","embeddable":true,"href":"https:\/\/triangle.cat\/es\/wp-json\/wp\/v2\/product_brand?post=45538"},{"taxonomy":"product_cat","embeddable":true,"href":"https:\/\/triangle.cat\/es\/wp-json\/wp\/v2\/product_cat?post=45538"},{"taxonomy":"product_tag","embeddable":true,"href":"https:\/\/triangle.cat\/es\/wp-json\/wp\/v2\/product_tag?post=45538"}],"curies":[{"name":"wp","href":"https:\/\/api.w.org\/{rel}","templated":true}]}}