
{"id":45536,"date":"2022-03-06T00:00:00","date_gmt":"2022-03-05T22:00:00","guid":{"rendered":"https:\/\/triangle.cat\/producto\/calendario-2026-sobremesa-cataluna\/"},"modified":"2025-04-15T21:12:48","modified_gmt":"2025-04-15T19:12:48","slug":"calendario-2026-sobremesa-cataluna","status":"publish","type":"product","link":"https:\/\/triangle.cat\/es\/producto\/calendario-2026-sobremesa-cataluna\/","title":{"rendered":"Calendario 2026 Sobremesa Catalu\u00f1a"},"content":{"rendered":"","protected":false},"excerpt":{"rendered":"<p>Con nuestro calendario de Catalu\u00f1a para el 2024 podr\u00e1s acercarte a su diversidad cultural, patrimonio art\u00edstico y a sus paisajes de incre\u00edble belleza. <\/br><\/br>EAN:8424455260635 &#8211; S26CAT<\/p>\n","protected":false},"featured_media":45136,"comment_status":"closed","ping_status":"closed","template":"","meta":{"_acf_changed":false,"_monsterinsights_skip_tracking":false,"_monsterinsights_sitenote_active":false,"_monsterinsights_sitenote_note":"","_monsterinsights_sitenote_category":0},"product_brand":[],"product_cat":[1856],"product_tag":[],"class_list":{"0":"post-45536","1":"product","2":"type-product","3":"status-publish","4":"has-post-thumbnail","6":"product_cat-sobremesa-cuadrado","8":"first","9":"outofstock","10":"purchasable","11":"product-type-simple"},"acf":[],"_links":{"self":[{"href":"https:\/\/triangle.cat\/es\/wp-json\/wp\/v2\/product\/45536","targetHints":{"allow":["GET"]}}],"collection":[{"href":"https:\/\/triangle.cat\/es\/wp-json\/wp\/v2\/product"}],"about":[{"href":"https:\/\/triangle.cat\/es\/wp-json\/wp\/v2\/types\/product"}],"replies":[{"embeddable":true,"href":"https:\/\/triangle.cat\/es\/wp-json\/wp\/v2\/comments?post=45536"}],"wp:featuredmedia":[{"embeddable":true,"href":"https:\/\/triangle.cat\/es\/wp-json\/wp\/v2\/media\/45136"}],"wp:attachment":[{"href":"https:\/\/triangle.cat\/es\/wp-json\/wp\/v2\/media?parent=45536"}],"wp:term":[{"taxonomy":"product_brand","embeddable":true,"href":"https:\/\/triangle.cat\/es\/wp-json\/wp\/v2\/product_brand?post=45536"},{"taxonomy":"product_cat","embeddable":true,"href":"https:\/\/triangle.cat\/es\/wp-json\/wp\/v2\/product_cat?post=45536"},{"taxonomy":"product_tag","embeddable":true,"href":"https:\/\/triangle.cat\/es\/wp-json\/wp\/v2\/product_tag?post=45536"}],"curies":[{"name":"wp","href":"https:\/\/api.w.org\/{rel}","templated":true}]}}