
{"id":45014,"date":"2022-03-06T00:00:00","date_gmt":"2022-03-05T22:00:00","guid":{"rendered":"https:\/\/triangle.cat\/producto\/calendario-2026-s-familia\/"},"modified":"2026-04-20T12:03:28","modified_gmt":"2026-04-20T10:03:28","slug":"calendario-2026-s-familia","status":"publish","type":"product","link":"https:\/\/triangle.cat\/es\/producto\/calendario-2026-s-familia\/","title":{"rendered":"Calendario 2026 S. Fam\u00edlia"},"content":{"rendered":"","protected":false},"excerpt":{"rendered":"<p>Formas sinuosas, fascinantes juegos de luz, innovadoras soluciones arquitect\u00f3nicas. Todo esto y mucho m\u00e1s es la Sagrada Familia de Antoni Gaud\u00ed, su obra cumbre y un lugar donde su creatividad se expresa en toda su extensi\u00f3n. 12 im\u00e1genes que te transportar\u00e1n al universo m\u00e1gico de este genio universal. <\/br><\/br>EAN:8424455260468 &#8211; 26SF1<\/p>\n","protected":false},"featured_media":44941,"comment_status":"closed","ping_status":"open","template":"","meta":{"_acf_changed":false,"_monsterinsights_skip_tracking":false,"_monsterinsights_sitenote_active":false,"_monsterinsights_sitenote_note":"","_monsterinsights_sitenote_category":0},"product_brand":[],"product_cat":[1855],"product_tag":[],"class_list":{"0":"post-45014","1":"product","2":"type-product","3":"status-publish","4":"has-post-thumbnail","6":"product_cat-pared-pequeno-formato","8":"first","9":"instock","10":"purchasable","11":"product-type-simple"},"acf":[],"_links":{"self":[{"href":"https:\/\/triangle.cat\/es\/wp-json\/wp\/v2\/product\/45014","targetHints":{"allow":["GET"]}}],"collection":[{"href":"https:\/\/triangle.cat\/es\/wp-json\/wp\/v2\/product"}],"about":[{"href":"https:\/\/triangle.cat\/es\/wp-json\/wp\/v2\/types\/product"}],"replies":[{"embeddable":true,"href":"https:\/\/triangle.cat\/es\/wp-json\/wp\/v2\/comments?post=45014"}],"wp:featuredmedia":[{"embeddable":true,"href":"https:\/\/triangle.cat\/es\/wp-json\/wp\/v2\/media\/44941"}],"wp:attachment":[{"href":"https:\/\/triangle.cat\/es\/wp-json\/wp\/v2\/media?parent=45014"}],"wp:term":[{"taxonomy":"product_brand","embeddable":true,"href":"https:\/\/triangle.cat\/es\/wp-json\/wp\/v2\/product_brand?post=45014"},{"taxonomy":"product_cat","embeddable":true,"href":"https:\/\/triangle.cat\/es\/wp-json\/wp\/v2\/product_cat?post=45014"},{"taxonomy":"product_tag","embeddable":true,"href":"https:\/\/triangle.cat\/es\/wp-json\/wp\/v2\/product_tag?post=45014"}],"curies":[{"name":"wp","href":"https:\/\/api.w.org\/{rel}","templated":true}]}}