
{"id":45011,"date":"2022-03-06T00:00:00","date_gmt":"2022-03-05T22:00:00","guid":{"rendered":"https:\/\/triangle.cat\/producto\/calendario-2026-menorca-cala-mitjaneta\/"},"modified":"2025-11-23T21:53:28","modified_gmt":"2025-11-23T19:53:28","slug":"calendario-2026-menorca-cala-mitjaneta","status":"publish","type":"product","link":"https:\/\/triangle.cat\/es\/producto\/calendario-2026-menorca-cala-mitjaneta\/","title":{"rendered":"Calendario 2026 Menorca (Cala Mitjaneta)"},"content":{"rendered":"","protected":false},"excerpt":{"rendered":"<p>Doce im\u00e1genes para enamorarte de Menorca, de sus id\u00edlicas playas, de sus puertos, sus pueblos y sus tradiciones. Descubre Menorca, no te arrepentir\u00e1s! <\/br><\/br>EAN:8424455260437 &#8211; 26ME-A<\/p>\n","protected":false},"featured_media":44878,"comment_status":"closed","ping_status":"open","template":"","meta":{"_acf_changed":false,"_monsterinsights_skip_tracking":false,"_monsterinsights_sitenote_active":false,"_monsterinsights_sitenote_note":"","_monsterinsights_sitenote_category":0},"product_brand":[],"product_cat":[1851,1855],"product_tag":[],"class_list":{"0":"post-45011","1":"product","2":"type-product","3":"status-publish","4":"has-post-thumbnail","6":"product_cat-calendarios","7":"product_cat-pared-pequeno-formato","9":"first","10":"instock","11":"purchasable","12":"product-type-simple"},"acf":[],"_links":{"self":[{"href":"https:\/\/triangle.cat\/es\/wp-json\/wp\/v2\/product\/45011","targetHints":{"allow":["GET"]}}],"collection":[{"href":"https:\/\/triangle.cat\/es\/wp-json\/wp\/v2\/product"}],"about":[{"href":"https:\/\/triangle.cat\/es\/wp-json\/wp\/v2\/types\/product"}],"replies":[{"embeddable":true,"href":"https:\/\/triangle.cat\/es\/wp-json\/wp\/v2\/comments?post=45011"}],"wp:featuredmedia":[{"embeddable":true,"href":"https:\/\/triangle.cat\/es\/wp-json\/wp\/v2\/media\/44878"}],"wp:attachment":[{"href":"https:\/\/triangle.cat\/es\/wp-json\/wp\/v2\/media?parent=45011"}],"wp:term":[{"taxonomy":"product_brand","embeddable":true,"href":"https:\/\/triangle.cat\/es\/wp-json\/wp\/v2\/product_brand?post=45011"},{"taxonomy":"product_cat","embeddable":true,"href":"https:\/\/triangle.cat\/es\/wp-json\/wp\/v2\/product_cat?post=45011"},{"taxonomy":"product_tag","embeddable":true,"href":"https:\/\/triangle.cat\/es\/wp-json\/wp\/v2\/product_tag?post=45011"}],"curies":[{"name":"wp","href":"https:\/\/api.w.org\/{rel}","templated":true}]}}