
{"id":45010,"date":"2022-03-06T00:00:00","date_gmt":"2022-03-05T22:00:00","guid":{"rendered":"https:\/\/triangle.cat\/producto\/calendario-2026-mallorca-palma\/"},"modified":"2025-12-29T22:40:37","modified_gmt":"2025-12-29T20:40:37","slug":"calendario-2026-mallorca-palma","status":"publish","type":"product","link":"https:\/\/triangle.cat\/es\/producto\/calendario-2026-mallorca-palma\/","title":{"rendered":"Calendario 2026 Mallorca (Palma)"},"content":{"rendered":"","protected":false},"excerpt":{"rendered":"<p>Todo el encanto de Mallorca en esta selecci\u00f3n de im\u00e1genes con las que queremos descubrirte algunos de sus m\u00e1s bellos paisajes, sus pueblos y monumentos m\u00e1s conocidos y sus inigualables playas de aguas turquesa y arena blanca. <\/br><\/br>EAN:8424455260420 &#8211; 26MA2<\/p>\n","protected":false},"featured_media":44325,"comment_status":"closed","ping_status":"closed","template":"","meta":{"_acf_changed":false,"_monsterinsights_skip_tracking":false,"_monsterinsights_sitenote_active":false,"_monsterinsights_sitenote_note":"","_monsterinsights_sitenote_category":0},"product_brand":[],"product_cat":[1851,1855],"product_tag":[],"class_list":{"0":"post-45010","1":"product","2":"type-product","3":"status-publish","4":"has-post-thumbnail","6":"product_cat-calendarios","7":"product_cat-pared-pequeno-formato","9":"first","10":"instock","11":"purchasable","12":"product-type-simple"},"acf":[],"_links":{"self":[{"href":"https:\/\/triangle.cat\/es\/wp-json\/wp\/v2\/product\/45010","targetHints":{"allow":["GET"]}}],"collection":[{"href":"https:\/\/triangle.cat\/es\/wp-json\/wp\/v2\/product"}],"about":[{"href":"https:\/\/triangle.cat\/es\/wp-json\/wp\/v2\/types\/product"}],"replies":[{"embeddable":true,"href":"https:\/\/triangle.cat\/es\/wp-json\/wp\/v2\/comments?post=45010"}],"wp:featuredmedia":[{"embeddable":true,"href":"https:\/\/triangle.cat\/es\/wp-json\/wp\/v2\/media\/44325"}],"wp:attachment":[{"href":"https:\/\/triangle.cat\/es\/wp-json\/wp\/v2\/media?parent=45010"}],"wp:term":[{"taxonomy":"product_brand","embeddable":true,"href":"https:\/\/triangle.cat\/es\/wp-json\/wp\/v2\/product_brand?post=45010"},{"taxonomy":"product_cat","embeddable":true,"href":"https:\/\/triangle.cat\/es\/wp-json\/wp\/v2\/product_cat?post=45010"},{"taxonomy":"product_tag","embeddable":true,"href":"https:\/\/triangle.cat\/es\/wp-json\/wp\/v2\/product_tag?post=45010"}],"curies":[{"name":"wp","href":"https:\/\/api.w.org\/{rel}","templated":true}]}}