
{"id":45008,"date":"2022-03-06T00:00:00","date_gmt":"2022-03-05T22:00:00","guid":{"rendered":"https:\/\/triangle.cat\/producto\/calendario-2026-montserrat\/"},"modified":"2025-12-31T14:01:56","modified_gmt":"2025-12-31T12:01:56","slug":"calendario-2026-montserrat","status":"publish","type":"product","link":"https:\/\/triangle.cat\/es\/producto\/calendario-2026-montserrat\/","title":{"rendered":"Calendario 2026 Montserrat"},"content":{"rendered":"","protected":false},"excerpt":{"rendered":"<p>La inigualable orograf\u00eda de la monta\u00f1a de Montserrat le confiere un aspecto m\u00edstico, casi m\u00e1gico que sirve de marco incomparable al magn\u00edfico monasterio que se ha convertido en una visita obligada para los que visitan Catalu\u00f1a. Descubre este emblem\u00e1tico lugar a trav\u00e9s de las 12 bellas im\u00e1genes que hemos escogido para ti. <\/br><\/br>EAN:8424455260406 &#8211; 26M<\/p>\n","protected":false},"featured_media":44823,"comment_status":"closed","ping_status":"closed","template":"","meta":{"_acf_changed":false,"_monsterinsights_skip_tracking":false,"_monsterinsights_sitenote_active":false,"_monsterinsights_sitenote_note":"","_monsterinsights_sitenote_category":0},"product_brand":[],"product_cat":[1851,1855],"product_tag":[],"class_list":{"0":"post-45008","1":"product","2":"type-product","3":"status-publish","4":"has-post-thumbnail","6":"product_cat-calendarios","7":"product_cat-pared-pequeno-formato","9":"first","10":"instock","11":"purchasable","12":"product-type-simple"},"acf":[],"_links":{"self":[{"href":"https:\/\/triangle.cat\/es\/wp-json\/wp\/v2\/product\/45008","targetHints":{"allow":["GET"]}}],"collection":[{"href":"https:\/\/triangle.cat\/es\/wp-json\/wp\/v2\/product"}],"about":[{"href":"https:\/\/triangle.cat\/es\/wp-json\/wp\/v2\/types\/product"}],"replies":[{"embeddable":true,"href":"https:\/\/triangle.cat\/es\/wp-json\/wp\/v2\/comments?post=45008"}],"wp:featuredmedia":[{"embeddable":true,"href":"https:\/\/triangle.cat\/es\/wp-json\/wp\/v2\/media\/44823"}],"wp:attachment":[{"href":"https:\/\/triangle.cat\/es\/wp-json\/wp\/v2\/media?parent=45008"}],"wp:term":[{"taxonomy":"product_brand","embeddable":true,"href":"https:\/\/triangle.cat\/es\/wp-json\/wp\/v2\/product_brand?post=45008"},{"taxonomy":"product_cat","embeddable":true,"href":"https:\/\/triangle.cat\/es\/wp-json\/wp\/v2\/product_cat?post=45008"},{"taxonomy":"product_tag","embeddable":true,"href":"https:\/\/triangle.cat\/es\/wp-json\/wp\/v2\/product_tag?post=45008"}],"curies":[{"name":"wp","href":"https:\/\/api.w.org\/{rel}","templated":true}]}}