
{"id":45005,"date":"2022-03-06T00:00:00","date_gmt":"2022-03-05T22:00:00","guid":{"rendered":"https:\/\/triangle.cat\/producto\/calendario-2026-gaudi-b-s-familia-2\/"},"modified":"2025-10-09T19:31:12","modified_gmt":"2025-10-09T17:31:12","slug":"calendario-2026-gaudi-b-s-familia-2","status":"publish","type":"product","link":"https:\/\/triangle.cat\/es\/producto\/calendario-2026-gaudi-b-s-familia-2\/","title":{"rendered":"Calendario 2026 Gaud\u00ed B (S. Fam\u00edlia)"},"content":{"rendered":"","protected":false},"excerpt":{"rendered":"<p>Algunas de las mas hermosas construcciones que el maestro Antoni Gaud\u00ed realiz\u00f3 en Barcelona est\u00e1n recogidas en este calendario que, en 12 cuidadas im\u00e1genes, pretende acercarte a la obra del incomparable arquitecto. <\/br><\/br>EAN:8424455260376 &#8211; 26G1-B<\/p>\n","protected":false},"featured_media":44760,"comment_status":"closed","ping_status":"open","template":"","meta":{"_acf_changed":false,"_monsterinsights_skip_tracking":false,"_monsterinsights_sitenote_active":false,"_monsterinsights_sitenote_note":"","_monsterinsights_sitenote_category":0},"product_brand":[],"product_cat":[1855],"product_tag":[],"class_list":{"0":"post-45005","1":"product","2":"type-product","3":"status-publish","4":"has-post-thumbnail","6":"product_cat-pared-pequeno-formato","8":"first","9":"instock","10":"purchasable","11":"product-type-simple"},"acf":[],"_links":{"self":[{"href":"https:\/\/triangle.cat\/es\/wp-json\/wp\/v2\/product\/45005","targetHints":{"allow":["GET"]}}],"collection":[{"href":"https:\/\/triangle.cat\/es\/wp-json\/wp\/v2\/product"}],"about":[{"href":"https:\/\/triangle.cat\/es\/wp-json\/wp\/v2\/types\/product"}],"replies":[{"embeddable":true,"href":"https:\/\/triangle.cat\/es\/wp-json\/wp\/v2\/comments?post=45005"}],"wp:featuredmedia":[{"embeddable":true,"href":"https:\/\/triangle.cat\/es\/wp-json\/wp\/v2\/media\/44760"}],"wp:attachment":[{"href":"https:\/\/triangle.cat\/es\/wp-json\/wp\/v2\/media?parent=45005"}],"wp:term":[{"taxonomy":"product_brand","embeddable":true,"href":"https:\/\/triangle.cat\/es\/wp-json\/wp\/v2\/product_brand?post=45005"},{"taxonomy":"product_cat","embeddable":true,"href":"https:\/\/triangle.cat\/es\/wp-json\/wp\/v2\/product_cat?post=45005"},{"taxonomy":"product_tag","embeddable":true,"href":"https:\/\/triangle.cat\/es\/wp-json\/wp\/v2\/product_tag?post=45005"}],"curies":[{"name":"wp","href":"https:\/\/api.w.org\/{rel}","templated":true}]}}