
{"id":45004,"date":"2022-03-06T00:00:00","date_gmt":"2022-03-05T22:00:00","guid":{"rendered":"https:\/\/triangle.cat\/producto\/calendario-2026-gaudi-a-batllo-2\/"},"modified":"2025-04-15T18:41:37","modified_gmt":"2025-04-15T16:41:37","slug":"calendario-2026-gaudi-a-batllo-2","status":"publish","type":"product","link":"https:\/\/triangle.cat\/es\/producto\/calendario-2026-gaudi-a-batllo-2\/","title":{"rendered":"Calendario 2026 Gaud\u00ed A (Batll\u00f3)"},"content":{"rendered":"","protected":false},"excerpt":{"rendered":"<p>Algunas de las mas hermosas construcciones que el maestro Antoni Gaud\u00ed realiz\u00f3 en Barcelona est\u00e1n recogidas en este calendario que, en 12 cuidadas im\u00e1genes, pretende acercarte a la obra del incomparable arquitecto. <\/br><\/br>EAN:8424455260369 &#8211; 26G1-A<\/p>\n","protected":false},"featured_media":44743,"comment_status":"closed","ping_status":"open","template":"","meta":{"_acf_changed":false,"_monsterinsights_skip_tracking":false,"_monsterinsights_sitenote_active":false,"_monsterinsights_sitenote_note":"","_monsterinsights_sitenote_category":0},"product_brand":[],"product_cat":[1855],"product_tag":[],"class_list":{"0":"post-45004","1":"product","2":"type-product","3":"status-publish","4":"has-post-thumbnail","6":"product_cat-pared-pequeno-formato","8":"first","9":"instock","10":"purchasable","11":"product-type-simple"},"acf":[],"_links":{"self":[{"href":"https:\/\/triangle.cat\/es\/wp-json\/wp\/v2\/product\/45004","targetHints":{"allow":["GET"]}}],"collection":[{"href":"https:\/\/triangle.cat\/es\/wp-json\/wp\/v2\/product"}],"about":[{"href":"https:\/\/triangle.cat\/es\/wp-json\/wp\/v2\/types\/product"}],"replies":[{"embeddable":true,"href":"https:\/\/triangle.cat\/es\/wp-json\/wp\/v2\/comments?post=45004"}],"wp:featuredmedia":[{"embeddable":true,"href":"https:\/\/triangle.cat\/es\/wp-json\/wp\/v2\/media\/44743"}],"wp:attachment":[{"href":"https:\/\/triangle.cat\/es\/wp-json\/wp\/v2\/media?parent=45004"}],"wp:term":[{"taxonomy":"product_brand","embeddable":true,"href":"https:\/\/triangle.cat\/es\/wp-json\/wp\/v2\/product_brand?post=45004"},{"taxonomy":"product_cat","embeddable":true,"href":"https:\/\/triangle.cat\/es\/wp-json\/wp\/v2\/product_cat?post=45004"},{"taxonomy":"product_tag","embeddable":true,"href":"https:\/\/triangle.cat\/es\/wp-json\/wp\/v2\/product_tag?post=45004"}],"curies":[{"name":"wp","href":"https:\/\/api.w.org\/{rel}","templated":true}]}}