
{"id":45003,"date":"2022-03-06T00:00:00","date_gmt":"2022-03-05T22:00:00","guid":{"rendered":"https:\/\/triangle.cat\/producto\/calendario-2026-casa-batllo\/"},"modified":"2025-04-15T18:41:33","modified_gmt":"2025-04-15T16:41:33","slug":"calendario-2026-casa-batllo","status":"publish","type":"product","link":"https:\/\/triangle.cat\/es\/producto\/calendario-2026-casa-batllo\/","title":{"rendered":"Calendario 2026 Casa Batll\u00f3"},"content":{"rendered":"","protected":false},"excerpt":{"rendered":"<p>No resulta extra\u00f1o que sea uno de los monumentos m\u00e1s fotografiados de Barcelona. Gaud\u00ed dio rienda suelta a su imaginaci\u00f3n al proyectar este incomparable edificio y nosotros hemos seleccionado 12 bell\u00edsimas fotograf\u00edas que te muestran una de sus obras m\u00e1s coloristas. <\/br><\/br>EAN:8424455260352 &#8211; 26CB<\/p>\n","protected":false},"featured_media":44722,"comment_status":"closed","ping_status":"closed","template":"","meta":{"_acf_changed":false,"_monsterinsights_skip_tracking":false,"_monsterinsights_sitenote_active":false,"_monsterinsights_sitenote_note":"","_monsterinsights_sitenote_category":0},"product_brand":[],"product_cat":[1851,1855],"product_tag":[],"class_list":{"0":"post-45003","1":"product","2":"type-product","3":"status-publish","4":"has-post-thumbnail","6":"product_cat-calendarios","7":"product_cat-pared-pequeno-formato","9":"first","10":"outofstock","11":"purchasable","12":"product-type-simple"},"acf":[],"_links":{"self":[{"href":"https:\/\/triangle.cat\/es\/wp-json\/wp\/v2\/product\/45003","targetHints":{"allow":["GET"]}}],"collection":[{"href":"https:\/\/triangle.cat\/es\/wp-json\/wp\/v2\/product"}],"about":[{"href":"https:\/\/triangle.cat\/es\/wp-json\/wp\/v2\/types\/product"}],"replies":[{"embeddable":true,"href":"https:\/\/triangle.cat\/es\/wp-json\/wp\/v2\/comments?post=45003"}],"wp:featuredmedia":[{"embeddable":true,"href":"https:\/\/triangle.cat\/es\/wp-json\/wp\/v2\/media\/44722"}],"wp:attachment":[{"href":"https:\/\/triangle.cat\/es\/wp-json\/wp\/v2\/media?parent=45003"}],"wp:term":[{"taxonomy":"product_brand","embeddable":true,"href":"https:\/\/triangle.cat\/es\/wp-json\/wp\/v2\/product_brand?post=45003"},{"taxonomy":"product_cat","embeddable":true,"href":"https:\/\/triangle.cat\/es\/wp-json\/wp\/v2\/product_cat?post=45003"},{"taxonomy":"product_tag","embeddable":true,"href":"https:\/\/triangle.cat\/es\/wp-json\/wp\/v2\/product_tag?post=45003"}],"curies":[{"name":"wp","href":"https:\/\/api.w.org\/{rel}","templated":true}]}}