
{"id":44999,"date":"2022-03-06T00:00:00","date_gmt":"2022-03-05T22:00:00","guid":{"rendered":"https:\/\/triangle.cat\/producto\/calendario-2026-barcelona-barceloneta-2\/"},"modified":"2025-10-09T19:31:12","modified_gmt":"2025-10-09T17:31:12","slug":"calendario-2026-barcelona-barceloneta-2","status":"publish","type":"product","link":"https:\/\/triangle.cat\/es\/producto\/calendario-2026-barcelona-barceloneta-2\/","title":{"rendered":"Calendario 2026 Barcelona (Barceloneta)"},"content":{"rendered":"","protected":false},"excerpt":{"rendered":"<p>Mostrarte Barcelona en 12 im\u00e1genes no resulta sencillo, as\u00ed que hemos elegido para ti algunas de sus vistas m\u00e1s ic\u00f3nicas que esperamos te ayudar\u00e1n a recordar la ciudad o te incitar\u00e1n a conocerla. <\/br><\/br>EAN:8424455260314 &#8211; 26B1<\/p>\n","protected":false},"featured_media":44630,"comment_status":"closed","ping_status":"open","template":"","meta":{"_acf_changed":false,"_monsterinsights_skip_tracking":false,"_monsterinsights_sitenote_active":false,"_monsterinsights_sitenote_note":"","_monsterinsights_sitenote_category":0},"product_brand":[],"product_cat":[1855],"product_tag":[],"class_list":{"0":"post-44999","1":"product","2":"type-product","3":"status-publish","4":"has-post-thumbnail","6":"product_cat-pared-pequeno-formato","8":"first","9":"instock","10":"purchasable","11":"product-type-simple"},"acf":[],"_links":{"self":[{"href":"https:\/\/triangle.cat\/es\/wp-json\/wp\/v2\/product\/44999","targetHints":{"allow":["GET"]}}],"collection":[{"href":"https:\/\/triangle.cat\/es\/wp-json\/wp\/v2\/product"}],"about":[{"href":"https:\/\/triangle.cat\/es\/wp-json\/wp\/v2\/types\/product"}],"replies":[{"embeddable":true,"href":"https:\/\/triangle.cat\/es\/wp-json\/wp\/v2\/comments?post=44999"}],"wp:featuredmedia":[{"embeddable":true,"href":"https:\/\/triangle.cat\/es\/wp-json\/wp\/v2\/media\/44630"}],"wp:attachment":[{"href":"https:\/\/triangle.cat\/es\/wp-json\/wp\/v2\/media?parent=44999"}],"wp:term":[{"taxonomy":"product_brand","embeddable":true,"href":"https:\/\/triangle.cat\/es\/wp-json\/wp\/v2\/product_brand?post=44999"},{"taxonomy":"product_cat","embeddable":true,"href":"https:\/\/triangle.cat\/es\/wp-json\/wp\/v2\/product_cat?post=44999"},{"taxonomy":"product_tag","embeddable":true,"href":"https:\/\/triangle.cat\/es\/wp-json\/wp\/v2\/product_tag?post=44999"}],"curies":[{"name":"wp","href":"https:\/\/api.w.org\/{rel}","templated":true}]}}