
{"id":44569,"date":"2022-03-06T00:00:00","date_gmt":"2022-03-05T22:00:00","guid":{"rendered":"https:\/\/triangle.cat\/producto\/calendario-2026-valencia\/"},"modified":"2025-04-15T16:26:28","modified_gmt":"2025-04-15T14:26:28","slug":"calendario-2026-valencia","status":"publish","type":"product","link":"https:\/\/triangle.cat\/es\/producto\/calendario-2026-valencia\/","title":{"rendered":"Calendario 2026 Val\u00e8ncia"},"content":{"rendered":"","protected":false},"excerpt":{"rendered":"<p>Descobreix la bellesa d&#8217;aquesta ciutat mediterr\u00e0nia din\u00e0mica i bonica. En les 12 imatges que hem triat per a aquest calendari, podreu apreciar des d&#8217;edificis plens d&#8217;hist\u00f2ria fins als nous i emblem\u00e0tics edificis d&#8217;una ciutat en constant evoluci\u00f3. <\/br><\/br>EAN:8424455260246 &#8211; 26VALG<\/p>\n","protected":false},"featured_media":44460,"comment_status":"closed","ping_status":"open","template":"","meta":{"_acf_changed":false,"_monsterinsights_skip_tracking":false,"_monsterinsights_sitenote_active":false,"_monsterinsights_sitenote_note":"","_monsterinsights_sitenote_category":0},"product_brand":[],"product_cat":[1852],"product_tag":[],"class_list":{"0":"post-44569","1":"product","2":"type-product","3":"status-publish","4":"has-post-thumbnail","6":"product_cat-pared-gran-formato","8":"first","9":"instock","10":"purchasable","11":"product-type-simple"},"acf":[],"_links":{"self":[{"href":"https:\/\/triangle.cat\/es\/wp-json\/wp\/v2\/product\/44569","targetHints":{"allow":["GET"]}}],"collection":[{"href":"https:\/\/triangle.cat\/es\/wp-json\/wp\/v2\/product"}],"about":[{"href":"https:\/\/triangle.cat\/es\/wp-json\/wp\/v2\/types\/product"}],"replies":[{"embeddable":true,"href":"https:\/\/triangle.cat\/es\/wp-json\/wp\/v2\/comments?post=44569"}],"wp:featuredmedia":[{"embeddable":true,"href":"https:\/\/triangle.cat\/es\/wp-json\/wp\/v2\/media\/44460"}],"wp:attachment":[{"href":"https:\/\/triangle.cat\/es\/wp-json\/wp\/v2\/media?parent=44569"}],"wp:term":[{"taxonomy":"product_brand","embeddable":true,"href":"https:\/\/triangle.cat\/es\/wp-json\/wp\/v2\/product_brand?post=44569"},{"taxonomy":"product_cat","embeddable":true,"href":"https:\/\/triangle.cat\/es\/wp-json\/wp\/v2\/product_cat?post=44569"},{"taxonomy":"product_tag","embeddable":true,"href":"https:\/\/triangle.cat\/es\/wp-json\/wp\/v2\/product_tag?post=44569"}],"curies":[{"name":"wp","href":"https:\/\/api.w.org\/{rel}","templated":true}]}}