
{"id":44563,"date":"2022-03-06T00:00:00","date_gmt":"2022-03-05T22:00:00","guid":{"rendered":"https:\/\/triangle.cat\/producto\/calendario-2026-s-familia-projecte\/"},"modified":"2025-04-15T16:25:39","modified_gmt":"2025-04-15T14:25:39","slug":"calendario-2026-s-familia-projecte","status":"publish","type":"product","link":"https:\/\/triangle.cat\/es\/producto\/calendario-2026-s-familia-projecte\/","title":{"rendered":"Calendario 2026 S. Fam\u00edlia (projecte)"},"content":{"rendered":"","protected":false},"excerpt":{"rendered":"<p>La Sagrada Familia es la obra cumbre de Antoni Gaud\u00ed y uno de los monumentos m\u00e1s visitados del mundo. Con\u00f3cela gracias a las 12 im\u00e1genes que hemos elegido para este calendario de pared. <\/br><\/br>EAN:8424455260222 &#8211; 26SFG1<\/p>\n","protected":false},"featured_media":44405,"comment_status":"closed","ping_status":"open","template":"","meta":{"_acf_changed":false,"_monsterinsights_skip_tracking":false,"_monsterinsights_sitenote_active":false,"_monsterinsights_sitenote_note":"","_monsterinsights_sitenote_category":0},"product_brand":[],"product_cat":[1852],"product_tag":[],"class_list":{"0":"post-44563","1":"product","2":"type-product","3":"status-publish","4":"has-post-thumbnail","6":"product_cat-pared-gran-formato","8":"first","9":"instock","10":"purchasable","11":"product-type-simple"},"acf":[],"_links":{"self":[{"href":"https:\/\/triangle.cat\/es\/wp-json\/wp\/v2\/product\/44563","targetHints":{"allow":["GET"]}}],"collection":[{"href":"https:\/\/triangle.cat\/es\/wp-json\/wp\/v2\/product"}],"about":[{"href":"https:\/\/triangle.cat\/es\/wp-json\/wp\/v2\/types\/product"}],"replies":[{"embeddable":true,"href":"https:\/\/triangle.cat\/es\/wp-json\/wp\/v2\/comments?post=44563"}],"wp:featuredmedia":[{"embeddable":true,"href":"https:\/\/triangle.cat\/es\/wp-json\/wp\/v2\/media\/44405"}],"wp:attachment":[{"href":"https:\/\/triangle.cat\/es\/wp-json\/wp\/v2\/media?parent=44563"}],"wp:term":[{"taxonomy":"product_brand","embeddable":true,"href":"https:\/\/triangle.cat\/es\/wp-json\/wp\/v2\/product_brand?post=44563"},{"taxonomy":"product_cat","embeddable":true,"href":"https:\/\/triangle.cat\/es\/wp-json\/wp\/v2\/product_cat?post=44563"},{"taxonomy":"product_tag","embeddable":true,"href":"https:\/\/triangle.cat\/es\/wp-json\/wp\/v2\/product_tag?post=44563"}],"curies":[{"name":"wp","href":"https:\/\/api.w.org\/{rel}","templated":true}]}}