
{"id":44559,"date":"2022-03-06T00:00:00","date_gmt":"2022-03-05T22:00:00","guid":{"rendered":"https:\/\/triangle.cat\/producto\/calendario-2026-menorca\/"},"modified":"2025-11-20T12:41:55","modified_gmt":"2025-11-20T10:41:55","slug":"calendario-2026-menorca","status":"publish","type":"product","link":"https:\/\/triangle.cat\/es\/producto\/calendario-2026-menorca\/","title":{"rendered":"Calendario 2026 Menorca"},"content":{"rendered":"","protected":false},"excerpt":{"rendered":"<p>Playas paradis\u00edacas, paisajes de postal, lugares prehist\u00f3ricos y fiestas donde los caballos m\u00e1s bellos del mundo bailan. Esto y mucho m\u00e1s es Menorca, una isla a la que siempre querr\u00e1s volver. Recuerda tus vacaciones o sue\u00f1a con las pr\u00f3ximas con las 12 im\u00e1genes que hemos seleccionado para ti en este calendario. <\/br><\/br>EAN:8424455260185 &#8211; 26MEG<\/p>\n","protected":false},"featured_media":44342,"comment_status":"closed","ping_status":"closed","template":"","meta":{"_acf_changed":false,"_monsterinsights_skip_tracking":false,"_monsterinsights_sitenote_active":false,"_monsterinsights_sitenote_note":"","_monsterinsights_sitenote_category":0},"product_brand":[],"product_cat":[1852],"product_tag":[],"class_list":{"0":"post-44559","1":"product","2":"type-product","3":"status-publish","4":"has-post-thumbnail","6":"product_cat-pared-gran-formato","8":"first","9":"outofstock","10":"purchasable","11":"product-type-simple"},"acf":[],"_links":{"self":[{"href":"https:\/\/triangle.cat\/es\/wp-json\/wp\/v2\/product\/44559","targetHints":{"allow":["GET"]}}],"collection":[{"href":"https:\/\/triangle.cat\/es\/wp-json\/wp\/v2\/product"}],"about":[{"href":"https:\/\/triangle.cat\/es\/wp-json\/wp\/v2\/types\/product"}],"replies":[{"embeddable":true,"href":"https:\/\/triangle.cat\/es\/wp-json\/wp\/v2\/comments?post=44559"}],"wp:featuredmedia":[{"embeddable":true,"href":"https:\/\/triangle.cat\/es\/wp-json\/wp\/v2\/media\/44342"}],"wp:attachment":[{"href":"https:\/\/triangle.cat\/es\/wp-json\/wp\/v2\/media?parent=44559"}],"wp:term":[{"taxonomy":"product_brand","embeddable":true,"href":"https:\/\/triangle.cat\/es\/wp-json\/wp\/v2\/product_brand?post=44559"},{"taxonomy":"product_cat","embeddable":true,"href":"https:\/\/triangle.cat\/es\/wp-json\/wp\/v2\/product_cat?post=44559"},{"taxonomy":"product_tag","embeddable":true,"href":"https:\/\/triangle.cat\/es\/wp-json\/wp\/v2\/product_tag?post=44559"}],"curies":[{"name":"wp","href":"https:\/\/api.w.org\/{rel}","templated":true}]}}