
{"id":44558,"date":"2022-03-06T00:00:00","date_gmt":"2022-03-05T22:00:00","guid":{"rendered":"https:\/\/triangle.cat\/producto\/calendario-2026-mallorca-port-de-soller\/"},"modified":"2025-04-15T16:25:09","modified_gmt":"2025-04-15T14:25:09","slug":"calendario-2026-mallorca-port-de-soller","status":"publish","type":"product","link":"https:\/\/triangle.cat\/es\/producto\/calendario-2026-mallorca-port-de-soller\/","title":{"rendered":"Calendario 2026 Mallorca (Port de S\u00f3ller)"},"content":{"rendered":"","protected":false},"excerpt":{"rendered":"<p>Bellos paisajes, playas de ensue\u00f1o, pueblos de postal, una imponente catedral e inmensas grutas subterr\u00e1neas de belleza inimaginable, hacen de Mallorca un destino \u00fanico para viajeros de todo el mundo. \u00a1Qu\u00e9 dif\u00edcil ha sido seleccionar para ti las 12 im\u00e1genes que componen este precioso calendario! <\/br><\/br>EAN:8424455260178 &#8211; 26MAG2<\/p>\n","protected":false},"featured_media":44325,"comment_status":"closed","ping_status":"closed","template":"","meta":{"_acf_changed":false,"_monsterinsights_skip_tracking":false,"_monsterinsights_sitenote_active":false,"_monsterinsights_sitenote_note":"","_monsterinsights_sitenote_category":0},"product_brand":[],"product_cat":[1852],"product_tag":[],"class_list":{"0":"post-44558","1":"product","2":"type-product","3":"status-publish","4":"has-post-thumbnail","6":"product_cat-pared-gran-formato","8":"first","9":"outofstock","10":"purchasable","11":"product-type-simple"},"acf":[],"_links":{"self":[{"href":"https:\/\/triangle.cat\/es\/wp-json\/wp\/v2\/product\/44558","targetHints":{"allow":["GET"]}}],"collection":[{"href":"https:\/\/triangle.cat\/es\/wp-json\/wp\/v2\/product"}],"about":[{"href":"https:\/\/triangle.cat\/es\/wp-json\/wp\/v2\/types\/product"}],"replies":[{"embeddable":true,"href":"https:\/\/triangle.cat\/es\/wp-json\/wp\/v2\/comments?post=44558"}],"wp:featuredmedia":[{"embeddable":true,"href":"https:\/\/triangle.cat\/es\/wp-json\/wp\/v2\/media\/44325"}],"wp:attachment":[{"href":"https:\/\/triangle.cat\/es\/wp-json\/wp\/v2\/media?parent=44558"}],"wp:term":[{"taxonomy":"product_brand","embeddable":true,"href":"https:\/\/triangle.cat\/es\/wp-json\/wp\/v2\/product_brand?post=44558"},{"taxonomy":"product_cat","embeddable":true,"href":"https:\/\/triangle.cat\/es\/wp-json\/wp\/v2\/product_cat?post=44558"},{"taxonomy":"product_tag","embeddable":true,"href":"https:\/\/triangle.cat\/es\/wp-json\/wp\/v2\/product_tag?post=44558"}],"curies":[{"name":"wp","href":"https:\/\/api.w.org\/{rel}","templated":true}]}}