
{"id":44552,"date":"2022-03-06T00:00:00","date_gmt":"2022-03-05T22:00:00","guid":{"rendered":"https:\/\/triangle.cat\/producto\/calendario-2026-gaudi-b-s-familia\/"},"modified":"2025-04-15T16:24:43","modified_gmt":"2025-04-15T14:24:43","slug":"calendario-2026-gaudi-b-s-familia","status":"publish","type":"product","link":"https:\/\/triangle.cat\/es\/producto\/calendario-2026-gaudi-b-s-familia\/","title":{"rendered":"Calendario 2026 Gaud\u00ed B (S. Fam\u00edlia)"},"content":{"rendered":"","protected":false},"excerpt":{"rendered":"<p>Inicia&#8217;t en la fascinant obra de Gaud\u00ed amb aquestes 12 imatges que t&#8217;acostaran a la m\u00e0gia dels dissenys del genial arquitecte catal\u00e0. <\/br><\/br>EAN:8424455260116 &#8211; 26GG1-B<\/p>\n","protected":false},"featured_media":44223,"comment_status":"closed","ping_status":"open","template":"","meta":{"_acf_changed":false,"_monsterinsights_skip_tracking":false,"_monsterinsights_sitenote_active":false,"_monsterinsights_sitenote_note":"","_monsterinsights_sitenote_category":0},"product_brand":[],"product_cat":[1852],"product_tag":[],"class_list":{"0":"post-44552","1":"product","2":"type-product","3":"status-publish","4":"has-post-thumbnail","6":"product_cat-pared-gran-formato","8":"first","9":"instock","10":"purchasable","11":"product-type-simple"},"acf":[],"_links":{"self":[{"href":"https:\/\/triangle.cat\/es\/wp-json\/wp\/v2\/product\/44552","targetHints":{"allow":["GET"]}}],"collection":[{"href":"https:\/\/triangle.cat\/es\/wp-json\/wp\/v2\/product"}],"about":[{"href":"https:\/\/triangle.cat\/es\/wp-json\/wp\/v2\/types\/product"}],"replies":[{"embeddable":true,"href":"https:\/\/triangle.cat\/es\/wp-json\/wp\/v2\/comments?post=44552"}],"wp:featuredmedia":[{"embeddable":true,"href":"https:\/\/triangle.cat\/es\/wp-json\/wp\/v2\/media\/44223"}],"wp:attachment":[{"href":"https:\/\/triangle.cat\/es\/wp-json\/wp\/v2\/media?parent=44552"}],"wp:term":[{"taxonomy":"product_brand","embeddable":true,"href":"https:\/\/triangle.cat\/es\/wp-json\/wp\/v2\/product_brand?post=44552"},{"taxonomy":"product_cat","embeddable":true,"href":"https:\/\/triangle.cat\/es\/wp-json\/wp\/v2\/product_cat?post=44552"},{"taxonomy":"product_tag","embeddable":true,"href":"https:\/\/triangle.cat\/es\/wp-json\/wp\/v2\/product_tag?post=44552"}],"curies":[{"name":"wp","href":"https:\/\/api.w.org\/{rel}","templated":true}]}}