
{"id":44547,"date":"2022-03-06T00:00:00","date_gmt":"2022-03-05T22:00:00","guid":{"rendered":"https:\/\/triangle.cat\/producto\/calendario-2026-costa-brava\/"},"modified":"2025-04-15T16:24:13","modified_gmt":"2025-04-15T14:24:13","slug":"calendario-2026-costa-brava","status":"publish","type":"product","link":"https:\/\/triangle.cat\/es\/producto\/calendario-2026-costa-brava\/","title":{"rendered":"Calendario 2026 Costa Brava"},"content":{"rendered":"","protected":false},"excerpt":{"rendered":"<p>Doce im\u00e1genes para conocer la magn\u00edfica ciudad de Gerona y algunos de los rincones m\u00e1s bonitos de la Costa Brava, recogidos en este bonito calendario de pared. <\/br><\/br>EAN:8424455260079 &#8211; 26CBRG<\/p>\n","protected":false},"featured_media":44117,"comment_status":"closed","ping_status":"closed","template":"","meta":{"_acf_changed":false,"_monsterinsights_skip_tracking":false,"_monsterinsights_sitenote_active":false,"_monsterinsights_sitenote_note":"","_monsterinsights_sitenote_category":0},"product_brand":[],"product_cat":[1852],"product_tag":[],"class_list":{"0":"post-44547","1":"product","2":"type-product","3":"status-publish","4":"has-post-thumbnail","6":"product_cat-pared-gran-formato","8":"first","9":"outofstock","10":"purchasable","11":"product-type-simple"},"acf":[],"_links":{"self":[{"href":"https:\/\/triangle.cat\/es\/wp-json\/wp\/v2\/product\/44547","targetHints":{"allow":["GET"]}}],"collection":[{"href":"https:\/\/triangle.cat\/es\/wp-json\/wp\/v2\/product"}],"about":[{"href":"https:\/\/triangle.cat\/es\/wp-json\/wp\/v2\/types\/product"}],"replies":[{"embeddable":true,"href":"https:\/\/triangle.cat\/es\/wp-json\/wp\/v2\/comments?post=44547"}],"wp:featuredmedia":[{"embeddable":true,"href":"https:\/\/triangle.cat\/es\/wp-json\/wp\/v2\/media\/44117"}],"wp:attachment":[{"href":"https:\/\/triangle.cat\/es\/wp-json\/wp\/v2\/media?parent=44547"}],"wp:term":[{"taxonomy":"product_brand","embeddable":true,"href":"https:\/\/triangle.cat\/es\/wp-json\/wp\/v2\/product_brand?post=44547"},{"taxonomy":"product_cat","embeddable":true,"href":"https:\/\/triangle.cat\/es\/wp-json\/wp\/v2\/product_cat?post=44547"},{"taxonomy":"product_tag","embeddable":true,"href":"https:\/\/triangle.cat\/es\/wp-json\/wp\/v2\/product_tag?post=44547"}],"curies":[{"name":"wp","href":"https:\/\/api.w.org\/{rel}","templated":true}]}}