
{"id":44544,"date":"2022-03-06T00:00:00","date_gmt":"2022-03-05T22:00:00","guid":{"rendered":"https:\/\/triangle.cat\/producto\/calendario-2026-costa-blanca\/"},"modified":"2025-12-09T00:29:02","modified_gmt":"2025-12-08T22:29:02","slug":"calendario-2026-costa-blanca","status":"publish","type":"product","link":"https:\/\/triangle.cat\/es\/producto\/calendario-2026-costa-blanca\/","title":{"rendered":"Calendario 2026 Costa Blanca"},"content":{"rendered":"","protected":false},"excerpt":{"rendered":"<p>Selecci\u00f3n de 12 im\u00e1genes que te invitan a conocer la costa mediterr\u00e1nea en estado puro. Recorre las playas y paisajes m\u00e1s sugerentes pasando por algunos de los pueblos m\u00e1s bellos de esta privilegiada tierra. <\/br><\/br>EAN:8424455260055 &#8211; 26BLG<\/p>\n","protected":false},"featured_media":44075,"comment_status":"closed","ping_status":"closed","template":"","meta":{"_acf_changed":false,"_monsterinsights_skip_tracking":false,"_monsterinsights_sitenote_active":false,"_monsterinsights_sitenote_note":"","_monsterinsights_sitenote_category":0},"product_brand":[],"product_cat":[1852],"product_tag":[],"class_list":{"0":"post-44544","1":"product","2":"type-product","3":"status-publish","4":"has-post-thumbnail","6":"product_cat-pared-gran-formato","8":"first","9":"outofstock","10":"purchasable","11":"product-type-simple"},"acf":[],"_links":{"self":[{"href":"https:\/\/triangle.cat\/es\/wp-json\/wp\/v2\/product\/44544","targetHints":{"allow":["GET"]}}],"collection":[{"href":"https:\/\/triangle.cat\/es\/wp-json\/wp\/v2\/product"}],"about":[{"href":"https:\/\/triangle.cat\/es\/wp-json\/wp\/v2\/types\/product"}],"replies":[{"embeddable":true,"href":"https:\/\/triangle.cat\/es\/wp-json\/wp\/v2\/comments?post=44544"}],"wp:featuredmedia":[{"embeddable":true,"href":"https:\/\/triangle.cat\/es\/wp-json\/wp\/v2\/media\/44075"}],"wp:attachment":[{"href":"https:\/\/triangle.cat\/es\/wp-json\/wp\/v2\/media?parent=44544"}],"wp:term":[{"taxonomy":"product_brand","embeddable":true,"href":"https:\/\/triangle.cat\/es\/wp-json\/wp\/v2\/product_brand?post=44544"},{"taxonomy":"product_cat","embeddable":true,"href":"https:\/\/triangle.cat\/es\/wp-json\/wp\/v2\/product_cat?post=44544"},{"taxonomy":"product_tag","embeddable":true,"href":"https:\/\/triangle.cat\/es\/wp-json\/wp\/v2\/product_tag?post=44544"}],"curies":[{"name":"wp","href":"https:\/\/api.w.org\/{rel}","templated":true}]}}