
{"id":43875,"date":"2025-04-01T13:02:12","date_gmt":"2025-04-01T11:02:12","guid":{"rendered":"https:\/\/triangle.cat\/producto\/son-cosas\/"},"modified":"2025-04-07T11:37:43","modified_gmt":"2025-04-07T09:37:43","slug":"son-cosas","status":"publish","type":"product","link":"https:\/\/triangle.cat\/es\/producto\/son-cosas\/","title":{"rendered":"Son cosas"},"content":{"rendered":"","protected":false},"excerpt":{"rendered":"<p>Guillermo Moliner es un fot\u00f3grafo retirado que trabaj\u00f3 sobre todo en prensa diaria, principalmente en \u00abEl Peri\u00f3dico\u00bb, y que ahora publica el libro \u00abSon Cosas\u00bb, con una recopilaci\u00f3n de im\u00e1genes suyas hechas entre 1990 y 2008. Im\u00e1genes sin descripci\u00f3n, porque no la necesitan. Entre el contraste, la iron\u00eda y la denuncia, reflejan la vida cotidiana y, desde la mirada actual, los cambios que ha habido, o que pretendemos que ha habido, en nuestra sociedad [Ara, 26.03.2025].<\/p>\n<p>Editado por Triangle Books, este libro es una obra imprescindible para los amantes de la fotograf\u00eda documental. Moliner, con su mirada \u00e9tica y comprometida, nos ofrece una serie de im\u00e1genes de Barcelona que van m\u00e1s all\u00e1 de lo visual, contando historias silenciosas pero poderosas.<\/p>\n","protected":false},"featured_media":43823,"comment_status":"closed","ping_status":"closed","template":"","meta":{"_acf_changed":false,"_monsterinsights_skip_tracking":false,"_monsterinsights_sitenote_active":false,"_monsterinsights_sitenote_note":"","_monsterinsights_sitenote_category":0},"product_brand":[],"product_cat":[1553],"product_tag":[],"class_list":{"0":"post-43875","1":"product","2":"type-product","3":"status-publish","4":"has-post-thumbnail","6":"product_cat-fotografia-y-diseno","7":"pa_idioma-multiidioma-es","9":"first","10":"instock","11":"taxable","12":"shipping-taxable","13":"purchasable","14":"product-type-variable"},"acf":[],"_links":{"self":[{"href":"https:\/\/triangle.cat\/es\/wp-json\/wp\/v2\/product\/43875","targetHints":{"allow":["GET"]}}],"collection":[{"href":"https:\/\/triangle.cat\/es\/wp-json\/wp\/v2\/product"}],"about":[{"href":"https:\/\/triangle.cat\/es\/wp-json\/wp\/v2\/types\/product"}],"replies":[{"embeddable":true,"href":"https:\/\/triangle.cat\/es\/wp-json\/wp\/v2\/comments?post=43875"}],"wp:featuredmedia":[{"embeddable":true,"href":"https:\/\/triangle.cat\/es\/wp-json\/wp\/v2\/media\/43823"}],"wp:attachment":[{"href":"https:\/\/triangle.cat\/es\/wp-json\/wp\/v2\/media?parent=43875"}],"wp:term":[{"taxonomy":"product_brand","embeddable":true,"href":"https:\/\/triangle.cat\/es\/wp-json\/wp\/v2\/product_brand?post=43875"},{"taxonomy":"product_cat","embeddable":true,"href":"https:\/\/triangle.cat\/es\/wp-json\/wp\/v2\/product_cat?post=43875"},{"taxonomy":"product_tag","embeddable":true,"href":"https:\/\/triangle.cat\/es\/wp-json\/wp\/v2\/product_tag?post=43875"}],"curies":[{"name":"wp","href":"https:\/\/api.w.org\/{rel}","templated":true}]}}