
{"id":43743,"date":"2025-04-01T12:12:47","date_gmt":"2025-04-01T10:12:47","guid":{"rendered":"https:\/\/triangle.cat\/?post_type=product&#038;p=43743"},"modified":"2025-04-01T12:54:56","modified_gmt":"2025-04-01T10:54:56","slug":"menorca-des-de-larquitectura","status":"publish","type":"product","link":"https:\/\/triangle.cat\/es\/producto\/menorca-des-de-larquitectura\/","title":{"rendered":"Menorca des de l\u2019arquitectura"},"content":{"rendered":"","protected":false},"excerpt":{"rendered":"<p>La sucesi\u00f3n de fotograf\u00edas de Toni Vidal nos permite redes-cubrir un tesoro patrimonial que trasciende el valor de una imagen. Evoca una forma de vida y de implantaci\u00f3n sobre el territorio como fruto del esfuerzo de generaciones.<\/p>\n<p>Toni Vidal es el fot\u00f3grafo que mejor ha sabido captar la huma-nizaci\u00f3n del paisaje menorqu\u00edn a trav\u00e9s de la arquitectura, ya sea rural, nobiliaria o urbana.<\/p>\n<p>Seg\u00fan Miquel Desclot, \u00abToni Vidal mira una brizna o una piedra sabiendo que est\u00e1 mirando la tierra o incluso el universo\u00bb.<\/p>\n","protected":false},"featured_media":43749,"comment_status":"closed","ping_status":"closed","template":"","meta":{"_acf_changed":false,"_monsterinsights_skip_tracking":false,"_monsterinsights_sitenote_active":false,"_monsterinsights_sitenote_note":"","_monsterinsights_sitenote_category":0},"product_brand":[],"product_cat":[1529,1553,1573],"product_tag":[],"class_list":{"0":"post-43743","1":"product","2":"type-product","3":"status-publish","4":"has-post-thumbnail","6":"product_cat-libros","7":"product_cat-fotografia-y-diseno","8":"product_cat-menorca-es","9":"pa_idioma-multilingue-catala-espanol-english-francais-es","11":"first","12":"instock","13":"taxable","14":"shipping-taxable","15":"purchasable","16":"product-type-variable"},"acf":[],"_links":{"self":[{"href":"https:\/\/triangle.cat\/es\/wp-json\/wp\/v2\/product\/43743","targetHints":{"allow":["GET"]}}],"collection":[{"href":"https:\/\/triangle.cat\/es\/wp-json\/wp\/v2\/product"}],"about":[{"href":"https:\/\/triangle.cat\/es\/wp-json\/wp\/v2\/types\/product"}],"replies":[{"embeddable":true,"href":"https:\/\/triangle.cat\/es\/wp-json\/wp\/v2\/comments?post=43743"}],"wp:featuredmedia":[{"embeddable":true,"href":"https:\/\/triangle.cat\/es\/wp-json\/wp\/v2\/media\/43749"}],"wp:attachment":[{"href":"https:\/\/triangle.cat\/es\/wp-json\/wp\/v2\/media?parent=43743"}],"wp:term":[{"taxonomy":"product_brand","embeddable":true,"href":"https:\/\/triangle.cat\/es\/wp-json\/wp\/v2\/product_brand?post=43743"},{"taxonomy":"product_cat","embeddable":true,"href":"https:\/\/triangle.cat\/es\/wp-json\/wp\/v2\/product_cat?post=43743"},{"taxonomy":"product_tag","embeddable":true,"href":"https:\/\/triangle.cat\/es\/wp-json\/wp\/v2\/product_tag?post=43743"}],"curies":[{"name":"wp","href":"https:\/\/api.w.org\/{rel}","templated":true}]}}