
{"id":43731,"date":"2025-04-01T11:40:31","date_gmt":"2025-04-01T09:40:31","guid":{"rendered":"https:\/\/triangle.cat\/producto\/gaudi-9\/"},"modified":"2025-04-01T11:57:33","modified_gmt":"2025-04-01T09:57:33","slug":"gaudi-9-tiny","status":"publish","type":"product","link":"https:\/\/triangle.cat\/es\/producto\/gaudi-9-tiny\/","title":{"rendered":"Gaud\u00ed"},"content":{"rendered":"","protected":false},"excerpt":{"rendered":"<p>Con Gaud\u00ed para peque\u00f1os viajeros, hacemos un divertido viaje por la obra del brillante arquitecto Antoni Gaud\u00ed.<\/p>\n<p>Los m\u00e1s peque\u00f1os podr\u00e1n disfrutar de esta maravillosa aventura y descubrir todos los secretos ocultos en sus obras.<\/p>\n<p>Con un diccionario visual catal\u00e1n &#8211; castellano &#8211; ingl\u00e9s y las traducciones del texto en los tres idiomas, los peque\u00f1os lectores pueden adentrarse en el conocimiento de otras lenguas importantes de su entorno.<\/p>\n","protected":false},"featured_media":43685,"comment_status":"closed","ping_status":"closed","template":"","meta":{"_acf_changed":false,"_monsterinsights_skip_tracking":false,"_monsterinsights_sitenote_active":false,"_monsterinsights_sitenote_note":"","_monsterinsights_sitenote_category":0},"product_brand":[],"product_cat":[1564],"product_tag":[],"class_list":{"0":"post-43731","1":"product","2":"type-product","3":"status-publish","4":"has-post-thumbnail","6":"product_cat-infantil-es","7":"pa_idioma-multilingue-catala-espanol-english-es","9":"first","10":"instock","11":"taxable","12":"shipping-taxable","13":"purchasable","14":"product-type-variable"},"acf":[],"_links":{"self":[{"href":"https:\/\/triangle.cat\/es\/wp-json\/wp\/v2\/product\/43731","targetHints":{"allow":["GET"]}}],"collection":[{"href":"https:\/\/triangle.cat\/es\/wp-json\/wp\/v2\/product"}],"about":[{"href":"https:\/\/triangle.cat\/es\/wp-json\/wp\/v2\/types\/product"}],"replies":[{"embeddable":true,"href":"https:\/\/triangle.cat\/es\/wp-json\/wp\/v2\/comments?post=43731"}],"wp:featuredmedia":[{"embeddable":true,"href":"https:\/\/triangle.cat\/es\/wp-json\/wp\/v2\/media\/43685"}],"wp:attachment":[{"href":"https:\/\/triangle.cat\/es\/wp-json\/wp\/v2\/media?parent=43731"}],"wp:term":[{"taxonomy":"product_brand","embeddable":true,"href":"https:\/\/triangle.cat\/es\/wp-json\/wp\/v2\/product_brand?post=43731"},{"taxonomy":"product_cat","embeddable":true,"href":"https:\/\/triangle.cat\/es\/wp-json\/wp\/v2\/product_cat?post=43731"},{"taxonomy":"product_tag","embeddable":true,"href":"https:\/\/triangle.cat\/es\/wp-json\/wp\/v2\/product_tag?post=43731"}],"curies":[{"name":"wp","href":"https:\/\/api.w.org\/{rel}","templated":true}]}}