
{"id":43654,"date":"2025-04-01T10:07:36","date_gmt":"2025-04-01T08:07:36","guid":{"rendered":"https:\/\/triangle.cat\/producto\/dali-postales\/"},"modified":"2025-04-03T10:49:15","modified_gmt":"2025-04-03T08:49:15","slug":"dali-postales","status":"publish","type":"product","link":"https:\/\/triangle.cat\/es\/producto\/dali-postales\/","title":{"rendered":"Dal\u00ed"},"content":{"rendered":"","protected":false},"excerpt":{"rendered":"<p>\u00a1Descubre el fascinante mundo surrealista de Dal\u00ed!<\/p>\n<p>Este pack de postales para colorear te invita a sumergirte en el universo de Salvador Dal\u00ed, con divertidas ilustraciones de los lugares m\u00e1s emblem\u00e1ticos donde vivi\u00f3 y trabaj\u00f3: el vibrante Portlligat, el misterioso castillo de Gala en P\u00fabol y el impresionante Teatro Museo Dal\u00ed en Figueres.<\/p>\n<p>Consigue que los m\u00e1s peque\u00f1os aprendan y se diviertan con el arte de Dal\u00ed, creando recuerdos llenos de vida y creatividad que nunca olvidar\u00e1n.<\/p>\n<p>EAN: 8424455025845<\/p>\n","protected":false},"featured_media":43633,"comment_status":"closed","ping_status":"closed","template":"","meta":{"_acf_changed":false,"_monsterinsights_skip_tracking":false,"_monsterinsights_sitenote_active":false,"_monsterinsights_sitenote_note":"","_monsterinsights_sitenote_category":0},"product_brand":[],"product_cat":[1564],"product_tag":[],"class_list":{"0":"post-43654","1":"product","2":"type-product","3":"status-publish","4":"has-post-thumbnail","6":"product_cat-infantil-es","8":"first","9":"instock","10":"taxable","11":"shipping-taxable","12":"purchasable","13":"product-type-simple"},"acf":[],"_links":{"self":[{"href":"https:\/\/triangle.cat\/es\/wp-json\/wp\/v2\/product\/43654","targetHints":{"allow":["GET"]}}],"collection":[{"href":"https:\/\/triangle.cat\/es\/wp-json\/wp\/v2\/product"}],"about":[{"href":"https:\/\/triangle.cat\/es\/wp-json\/wp\/v2\/types\/product"}],"replies":[{"embeddable":true,"href":"https:\/\/triangle.cat\/es\/wp-json\/wp\/v2\/comments?post=43654"}],"wp:featuredmedia":[{"embeddable":true,"href":"https:\/\/triangle.cat\/es\/wp-json\/wp\/v2\/media\/43633"}],"wp:attachment":[{"href":"https:\/\/triangle.cat\/es\/wp-json\/wp\/v2\/media?parent=43654"}],"wp:term":[{"taxonomy":"product_brand","embeddable":true,"href":"https:\/\/triangle.cat\/es\/wp-json\/wp\/v2\/product_brand?post=43654"},{"taxonomy":"product_cat","embeddable":true,"href":"https:\/\/triangle.cat\/es\/wp-json\/wp\/v2\/product_cat?post=43654"},{"taxonomy":"product_tag","embeddable":true,"href":"https:\/\/triangle.cat\/es\/wp-json\/wp\/v2\/product_tag?post=43654"}],"curies":[{"name":"wp","href":"https:\/\/api.w.org\/{rel}","templated":true}]}}