
{"id":43582,"date":"2023-02-13T10:39:07","date_gmt":"2023-02-13T10:39:07","guid":{"rendered":"https:\/\/triangle.cat\/producto\/marcel-villier\/"},"modified":"2025-03-03T11:59:47","modified_gmt":"2025-03-03T09:59:47","slug":"marcel-villier","status":"publish","type":"product","link":"https:\/\/triangle.cat\/es\/producto\/marcel-villier\/","title":{"rendered":"Marcel Villier"},"content":{"rendered":"","protected":false},"excerpt":{"rendered":"<p>La mirada \u00edntima de Marcel Villier nos transporta a una Menorca pl\u00e1cida y acogedora. Esta selecci\u00f3n de paisajes \u00edntimos, realizados a lo largo de treinta a\u00f1os, muestra una nueva dimensi\u00f3n del mar, las casas y el paisaje de la isla. Las acuarelas y grabados de Villier nos llegan envueltos en una banda sonora compuesta de poemas y comentarios personales.<\/p>\n","protected":false},"featured_media":32265,"comment_status":"closed","ping_status":"closed","template":"","meta":{"_acf_changed":false,"_monsterinsights_skip_tracking":false,"_monsterinsights_sitenote_active":false,"_monsterinsights_sitenote_note":"","_monsterinsights_sitenote_category":0},"product_brand":[],"product_cat":[1537,1567,1573],"product_tag":[292,295,293],"class_list":{"0":"post-43582","1":"product","2":"type-product","3":"status-publish","4":"has-post-thumbnail","6":"product_cat-arte-y-arquitectura-es","7":"product_cat-libros-ilustrados","8":"product_cat-menorca-es","9":"product_tag-catalan","10":"product_tag-espanol","11":"product_tag-ingles","12":"pa_idioma-multilingue-catala-espanol-english-es","14":"first","15":"instock","16":"taxable","17":"shipping-taxable","18":"purchasable","19":"product-type-variable","20":"has-default-attributes"},"acf":[],"_links":{"self":[{"href":"https:\/\/triangle.cat\/es\/wp-json\/wp\/v2\/product\/43582","targetHints":{"allow":["GET"]}}],"collection":[{"href":"https:\/\/triangle.cat\/es\/wp-json\/wp\/v2\/product"}],"about":[{"href":"https:\/\/triangle.cat\/es\/wp-json\/wp\/v2\/types\/product"}],"replies":[{"embeddable":true,"href":"https:\/\/triangle.cat\/es\/wp-json\/wp\/v2\/comments?post=43582"}],"wp:featuredmedia":[{"embeddable":true,"href":"https:\/\/triangle.cat\/es\/wp-json\/wp\/v2\/media\/32265"}],"wp:attachment":[{"href":"https:\/\/triangle.cat\/es\/wp-json\/wp\/v2\/media?parent=43582"}],"wp:term":[{"taxonomy":"product_brand","embeddable":true,"href":"https:\/\/triangle.cat\/es\/wp-json\/wp\/v2\/product_brand?post=43582"},{"taxonomy":"product_cat","embeddable":true,"href":"https:\/\/triangle.cat\/es\/wp-json\/wp\/v2\/product_cat?post=43582"},{"taxonomy":"product_tag","embeddable":true,"href":"https:\/\/triangle.cat\/es\/wp-json\/wp\/v2\/product_tag?post=43582"}],"curies":[{"name":"wp","href":"https:\/\/api.w.org\/{rel}","templated":true}]}}