
{"id":43073,"date":"2025-01-13T16:41:10","date_gmt":"2025-01-13T14:41:10","guid":{"rendered":"https:\/\/triangle.cat\/producto\/ibiza-y-formentera\/"},"modified":"2025-10-24T09:45:28","modified_gmt":"2025-10-24T07:45:28","slug":"ibiza-y-formentera","status":"publish","type":"product","link":"https:\/\/triangle.cat\/es\/producto\/ibiza-y-formentera\/","title":{"rendered":"Ibiza y Formentera"},"content":{"rendered":"","protected":false},"excerpt":{"rendered":"<p>Este libro va de un encuentro casual que se convirti\u00f3 en amistad y de muchas experiencias fotogr\u00e1ficas compartidas. Va de un fot\u00f3grafo de las Islas que tom\u00e9 como referente por su trabajo y por el entusiasmo que transmit\u00eda.<\/p>\n<p><a href=\"https:\/\/triangle.cat\/wp-content\/uploads\/2025\/01\/conselleria_ieb-nou__1_-removebg-preview-600x96.png\"><img loading=\"lazy\" decoding=\"async\" class=\"alignnone wp-image-43381\" src=\"https:\/\/triangle.cat\/wp-content\/uploads\/2025\/01\/conselleria_ieb-nou__1_-removebg-preview-600x96.png\" alt=\"\" width=\"388\" height=\"62\" srcset=\"https:\/\/triangle.cat\/wp-content\/uploads\/2025\/01\/conselleria_ieb-nou__1_-removebg-preview-600x96.png 600w, https:\/\/triangle.cat\/wp-content\/uploads\/2025\/01\/conselleria_ieb-nou__1_-removebg-preview-1030x165.png 1030w, https:\/\/triangle.cat\/wp-content\/uploads\/2025\/01\/conselleria_ieb-nou__1_-removebg-preview-768x123.png 768w, https:\/\/triangle.cat\/wp-content\/uploads\/2025\/01\/conselleria_ieb-nou__1_-removebg-preview-705x113.png 705w, https:\/\/triangle.cat\/wp-content\/uploads\/2025\/01\/conselleria_ieb-nou__1_-removebg-preview-450x72.png 450w, https:\/\/triangle.cat\/wp-content\/uploads\/2025\/01\/conselleria_ieb-nou__1_-removebg-preview.png 1246w\" sizes=\"auto, (max-width: 388px) 100vw, 388px\" \/><\/a><\/p>\n","protected":false},"featured_media":42924,"comment_status":"closed","ping_status":"closed","template":"","meta":{"_acf_changed":false,"_monsterinsights_skip_tracking":false,"_monsterinsights_sitenote_active":false,"_monsterinsights_sitenote_note":"","_monsterinsights_sitenote_category":0},"product_brand":[],"product_cat":[1537,1553,1552,1570],"product_tag":[],"class_list":{"0":"post-43073","1":"product","2":"type-product","3":"status-publish","4":"has-post-thumbnail","6":"product_cat-arte-y-arquitectura-es","7":"product_cat-fotografia-y-diseno","8":"product_cat-ibiza-formentera-es","9":"product_cat-mallorca-es","10":"pa_idioma-catalan","12":"first","13":"instock","14":"taxable","15":"shipping-taxable","16":"purchasable","17":"product-type-variable"},"acf":[],"_links":{"self":[{"href":"https:\/\/triangle.cat\/es\/wp-json\/wp\/v2\/product\/43073","targetHints":{"allow":["GET"]}}],"collection":[{"href":"https:\/\/triangle.cat\/es\/wp-json\/wp\/v2\/product"}],"about":[{"href":"https:\/\/triangle.cat\/es\/wp-json\/wp\/v2\/types\/product"}],"replies":[{"embeddable":true,"href":"https:\/\/triangle.cat\/es\/wp-json\/wp\/v2\/comments?post=43073"}],"wp:featuredmedia":[{"embeddable":true,"href":"https:\/\/triangle.cat\/es\/wp-json\/wp\/v2\/media\/42924"}],"wp:attachment":[{"href":"https:\/\/triangle.cat\/es\/wp-json\/wp\/v2\/media?parent=43073"}],"wp:term":[{"taxonomy":"product_brand","embeddable":true,"href":"https:\/\/triangle.cat\/es\/wp-json\/wp\/v2\/product_brand?post=43073"},{"taxonomy":"product_cat","embeddable":true,"href":"https:\/\/triangle.cat\/es\/wp-json\/wp\/v2\/product_cat?post=43073"},{"taxonomy":"product_tag","embeddable":true,"href":"https:\/\/triangle.cat\/es\/wp-json\/wp\/v2\/product_tag?post=43073"}],"curies":[{"name":"wp","href":"https:\/\/api.w.org\/{rel}","templated":true}]}}