
{"id":42701,"date":"2024-12-03T16:08:14","date_gmt":"2024-12-03T14:08:14","guid":{"rendered":"https:\/\/triangle.cat\/producto\/port-mao\/"},"modified":"2025-01-13T15:53:03","modified_gmt":"2025-01-13T13:53:03","slug":"port-mao","status":"publish","type":"product","link":"https:\/\/triangle.cat\/es\/producto\/port-mao\/","title":{"rendered":"Port Ma\u00f3"},"content":{"rendered":"","protected":false},"excerpt":{"rendered":"<p>Port Ma\u00f3 no es propiamente un ensayo, ni un libro de historia, ni una gu\u00eda convencional, sino una especie de paseo que, a trav\u00e9s de una rica prosa narrativa, Josep M. Quintana nos invita a hacer por este puerto, a orillas del cual vive desde hace m\u00e1s de cuarenta a\u00f1os.<\/p>\n<p>El autor quiere mostrar al lector este espl\u00e9ndido lugar geogr\u00e1fico a trav\u00e9s de sus ojos y de los ojos de los escritores e investigadores que lo han descrito, que lo han convertido en literatura o que han hablado de \u00e9l a lo largo de la historia.<\/p>\n<p>La lectura del libro invita al lector a pasear por \u00e9l, a pie, en barco o solo con la imaginaci\u00f3n, para ayudarlo a conocer muchos de los aspectos que presenta este puerto, uno de los m\u00e1s notables del Mediterr\u00e1neo: el geol\u00f3gico, el historiogr\u00e1fico, el pol\u00edtico, el comercial y econ\u00f3mico, el literario, el art\u00edstico, el tur\u00edstico y el de ocio, con el fin de que tenga una idea global de lo que ha sido y es hoy en d\u00eda. Presentamos, por tanto, una obra original que no se parece a ninguna de las publicadas hasta hoy y que, complementada con una abundante informaci\u00f3n gr\u00e1fica del pasado y del presente, creemos que puede ser de inter\u00e9s para el gran p\u00fablico y convertirse, en el futuro, en una obra de referencia.<\/p>\n","protected":false},"featured_media":42651,"comment_status":"closed","ping_status":"closed","template":"","meta":{"_acf_changed":false,"_monsterinsights_skip_tracking":false,"_monsterinsights_sitenote_active":false,"_monsterinsights_sitenote_note":"","_monsterinsights_sitenote_category":0},"product_brand":[],"product_cat":[1492,1527,1529,1573,1460],"product_tag":[],"class_list":{"0":"post-42701","1":"product","2":"type-product","3":"status-publish","4":"has-post-thumbnail","6":"product_cat-guias","7":"product_cat-islas-baleares","8":"product_cat-libros","9":"product_cat-menorca-es","10":"product_cat-sin-categorizar-es","11":"pa_idioma-catalan","13":"first","14":"instock","15":"taxable","16":"shipping-taxable","17":"purchasable","18":"product-type-variable"},"acf":[],"_links":{"self":[{"href":"https:\/\/triangle.cat\/es\/wp-json\/wp\/v2\/product\/42701","targetHints":{"allow":["GET"]}}],"collection":[{"href":"https:\/\/triangle.cat\/es\/wp-json\/wp\/v2\/product"}],"about":[{"href":"https:\/\/triangle.cat\/es\/wp-json\/wp\/v2\/types\/product"}],"replies":[{"embeddable":true,"href":"https:\/\/triangle.cat\/es\/wp-json\/wp\/v2\/comments?post=42701"}],"wp:featuredmedia":[{"embeddable":true,"href":"https:\/\/triangle.cat\/es\/wp-json\/wp\/v2\/media\/42651"}],"wp:attachment":[{"href":"https:\/\/triangle.cat\/es\/wp-json\/wp\/v2\/media?parent=42701"}],"wp:term":[{"taxonomy":"product_brand","embeddable":true,"href":"https:\/\/triangle.cat\/es\/wp-json\/wp\/v2\/product_brand?post=42701"},{"taxonomy":"product_cat","embeddable":true,"href":"https:\/\/triangle.cat\/es\/wp-json\/wp\/v2\/product_cat?post=42701"},{"taxonomy":"product_tag","embeddable":true,"href":"https:\/\/triangle.cat\/es\/wp-json\/wp\/v2\/product_tag?post=42701"}],"curies":[{"name":"wp","href":"https:\/\/api.w.org\/{rel}","templated":true}]}}