
{"id":42619,"date":"2024-12-03T13:59:35","date_gmt":"2024-12-03T11:59:35","guid":{"rendered":"https:\/\/triangle.cat\/producto\/seculina\/"},"modified":"2025-02-10T15:44:31","modified_gmt":"2025-02-10T13:44:31","slug":"seculina","status":"publish","type":"product","link":"https:\/\/triangle.cat\/es\/producto\/seculina\/","title":{"rendered":"Seculina"},"content":{"rendered":"","protected":false},"excerpt":{"rendered":"<p>Seculina ha nacido bruja, como los padres, los abuelos y los bisabuelos. Pero hacer encantamientos o volar con la escoba no la entusiasma. Lo que quiere es ser rockera. Para ella, hacer magia significa tocar notas que emocionen.<\/p>\n<p>Un buen d\u00eda de primavera, una extra\u00f1a helada lo deja todo nevado. El fr\u00edo amenaza el bienestar de las criaturas del bosque. Entonces, Seculina emprende una aventura que le cambiar\u00e1 la vida. Acompa\u00f1ada de los Minairons, unos seres m\u00e1gicos, y con el apoyo de la Molsosa y la Simanya, dos criaturas de la mitolog\u00eda catalana, descubre la causa de este caos: el perro Nonell, un ser con un pasado doloroso, necesita la ayuda de alguien especial.<\/p>\n<p>Este cuento habla de la autoaceptaci\u00f3n, la tolerancia y la importancia del arte en el trabajo de las emociones a trav\u00e9s de la historia de la protagonista, que encuentra la manera de deshacer el encantamiento y dar una lecci\u00f3n al mundo: no siempre hace falta hacer magia con la varita.<\/p>\n<p>+ Un libro para potenciar la autoconfianza y el valor de la diferencia<\/p>\n<p>+ Para acercar a peque\u00f1os y grandes algunos personajes olvidados de la mitolog\u00eda catalana<\/p>\n<p>+ Un homenaje al esp\u00edritu del rock y a su periodo m\u00e1s vibrante<\/p>\n<p>+ Punto de encuentro entre literatura, tradici\u00f3n y modernidad<\/p>\n<p>+ Sobre la importancia de la m\u00fasica y la cultura en la gesti\u00f3n emocional<\/p>\n<p>&nbsp;<br \/>\n<a href=\"https:\/\/triangle.cat\/wp-content\/uploads\/2025\/01\/conselleria_ieb-nou__1_-removebg-preview.png\"><img loading=\"lazy\" decoding=\"async\" class=\"alignnone  wp-image-43381\" src=\"https:\/\/triangle.cat\/wp-content\/uploads\/2025\/01\/conselleria_ieb-nou__1_-removebg-preview-600x96.png\" alt=\"\" width=\"388\" height=\"62\" srcset=\"https:\/\/triangle.cat\/wp-content\/uploads\/2025\/01\/conselleria_ieb-nou__1_-removebg-preview-600x96.png 600w, https:\/\/triangle.cat\/wp-content\/uploads\/2025\/01\/conselleria_ieb-nou__1_-removebg-preview-1030x165.png 1030w, https:\/\/triangle.cat\/wp-content\/uploads\/2025\/01\/conselleria_ieb-nou__1_-removebg-preview-768x123.png 768w, https:\/\/triangle.cat\/wp-content\/uploads\/2025\/01\/conselleria_ieb-nou__1_-removebg-preview-705x113.png 705w, https:\/\/triangle.cat\/wp-content\/uploads\/2025\/01\/conselleria_ieb-nou__1_-removebg-preview-450x72.png 450w, https:\/\/triangle.cat\/wp-content\/uploads\/2025\/01\/conselleria_ieb-nou__1_-removebg-preview.png 1246w\" sizes=\"auto, (max-width: 388px) 100vw, 388px\" \/><\/a><\/p>\n","protected":false},"featured_media":42583,"comment_status":"closed","ping_status":"closed","template":"","meta":{"_acf_changed":false,"_monsterinsights_skip_tracking":false,"_monsterinsights_sitenote_active":false,"_monsterinsights_sitenote_note":"","_monsterinsights_sitenote_category":0},"product_brand":[],"product_cat":[1564,1567,1654],"product_tag":[],"class_list":{"0":"post-42619","1":"product","2":"type-product","3":"status-publish","4":"has-post-thumbnail","6":"product_cat-infantil-es","7":"product_cat-libros-ilustrados","8":"product_cat-novedades","9":"pa_idioma-catalan-2-es","11":"first","12":"instock","13":"taxable","14":"shipping-taxable","15":"purchasable","16":"product-type-variable"},"acf":[],"_links":{"self":[{"href":"https:\/\/triangle.cat\/es\/wp-json\/wp\/v2\/product\/42619","targetHints":{"allow":["GET"]}}],"collection":[{"href":"https:\/\/triangle.cat\/es\/wp-json\/wp\/v2\/product"}],"about":[{"href":"https:\/\/triangle.cat\/es\/wp-json\/wp\/v2\/types\/product"}],"replies":[{"embeddable":true,"href":"https:\/\/triangle.cat\/es\/wp-json\/wp\/v2\/comments?post=42619"}],"wp:featuredmedia":[{"embeddable":true,"href":"https:\/\/triangle.cat\/es\/wp-json\/wp\/v2\/media\/42583"}],"wp:attachment":[{"href":"https:\/\/triangle.cat\/es\/wp-json\/wp\/v2\/media?parent=42619"}],"wp:term":[{"taxonomy":"product_brand","embeddable":true,"href":"https:\/\/triangle.cat\/es\/wp-json\/wp\/v2\/product_brand?post=42619"},{"taxonomy":"product_cat","embeddable":true,"href":"https:\/\/triangle.cat\/es\/wp-json\/wp\/v2\/product_cat?post=42619"},{"taxonomy":"product_tag","embeddable":true,"href":"https:\/\/triangle.cat\/es\/wp-json\/wp\/v2\/product_tag?post=42619"}],"curies":[{"name":"wp","href":"https:\/\/api.w.org\/{rel}","templated":true}]}}