
{"id":42562,"date":"2024-12-03T12:59:19","date_gmt":"2024-12-03T10:59:19","guid":{"rendered":"https:\/\/triangle.cat\/producto\/barcelona-18\/"},"modified":"2024-12-03T13:20:20","modified_gmt":"2024-12-03T11:20:20","slug":"barcelona-18-5","status":"publish","type":"product","link":"https:\/\/triangle.cat\/es\/producto\/barcelona-18-5\/","title":{"rendered":"Barcelona"},"content":{"rendered":"","protected":false},"excerpt":{"rendered":"<p>Culinary Backstreets cubre la escena gastron\u00f3mica m\u00e1s aut\u00e9ntica y\u00a0ofrece rutas culinarias guiadas en varias gastro-capitales del mundo.<\/p>\n<p>Aunque el est\u00f3mago deber\u00eda ser nuestra mejor br\u00fajula, la verdad es que no es f\u00e1cil encontrar el camino sin un buen consejero local. Ah\u00ed es donde entra Culinary Backstreets.<\/p>\n<p>Nuestras rutas gastron\u00f3micas en grupos peque\u00f1os son un educativo banquete a trav\u00e9s de calles escondidas y mercados aut\u00e9nticos, visitando diversas joyas gastron\u00f3micas y, entre bocado y bocado, monumentos y lugares hist\u00f3ricos menos tur\u00edsticos.<\/p>\n","protected":false},"featured_media":42489,"comment_status":"closed","ping_status":"closed","template":"","meta":{"_acf_changed":false,"_monsterinsights_skip_tracking":false,"_monsterinsights_sitenote_active":false,"_monsterinsights_sitenote_note":"","_monsterinsights_sitenote_category":0},"product_brand":[],"product_cat":[1501,1492],"product_tag":[],"class_list":{"0":"post-42562","1":"product","2":"type-product","3":"status-publish","4":"has-post-thumbnail","6":"product_cat-barcelona-es","7":"product_cat-guias","8":"pa_idioma-alemany-es","9":"pa_idioma-espanol-es-2","10":"pa_idioma-frances-es","11":"pa_idioma-ingles","13":"first","14":"instock","15":"taxable","16":"shipping-taxable","17":"purchasable","18":"product-type-variable"},"acf":[],"_links":{"self":[{"href":"https:\/\/triangle.cat\/es\/wp-json\/wp\/v2\/product\/42562","targetHints":{"allow":["GET"]}}],"collection":[{"href":"https:\/\/triangle.cat\/es\/wp-json\/wp\/v2\/product"}],"about":[{"href":"https:\/\/triangle.cat\/es\/wp-json\/wp\/v2\/types\/product"}],"replies":[{"embeddable":true,"href":"https:\/\/triangle.cat\/es\/wp-json\/wp\/v2\/comments?post=42562"}],"wp:featuredmedia":[{"embeddable":true,"href":"https:\/\/triangle.cat\/es\/wp-json\/wp\/v2\/media\/42489"}],"wp:attachment":[{"href":"https:\/\/triangle.cat\/es\/wp-json\/wp\/v2\/media?parent=42562"}],"wp:term":[{"taxonomy":"product_brand","embeddable":true,"href":"https:\/\/triangle.cat\/es\/wp-json\/wp\/v2\/product_brand?post=42562"},{"taxonomy":"product_cat","embeddable":true,"href":"https:\/\/triangle.cat\/es\/wp-json\/wp\/v2\/product_cat?post=42562"},{"taxonomy":"product_tag","embeddable":true,"href":"https:\/\/triangle.cat\/es\/wp-json\/wp\/v2\/product_tag?post=42562"}],"curies":[{"name":"wp","href":"https:\/\/api.w.org\/{rel}","templated":true}]}}