
{"id":42201,"date":"2024-11-14T17:25:23","date_gmt":"2024-11-14T15:25:23","guid":{"rendered":"https:\/\/triangle.cat\/producto\/les-esglesies-romaniques-de-la-vall-de-boi\/"},"modified":"2024-11-19T11:39:51","modified_gmt":"2024-11-19T09:39:51","slug":"las-iglesias-romanicas-de-la-vall-de-boi","status":"publish","type":"product","link":"https:\/\/triangle.cat\/es\/producto\/las-iglesias-romanicas-de-la-vall-de-boi\/","title":{"rendered":"Las iglesias rom\u00e1nicas de la Vall de Bo\u00ed"},"content":{"rendered":"","protected":false},"excerpt":{"rendered":"<p>Este libro es la primera gu\u00eda de alta divulgaci\u00f3n que se ha escrito sobre las iglesias rom\u00e1nicas de la Vall de Bo\u00ed, uno de los conjuntos monumentales medievales m\u00e1s relevantes de Europa que, en el a\u00f1o 2000, fue incluido en la Lista del Patrimonio Mundial de la Unesco.<\/p>\n<p>El prop\u00f3sito de esta gu\u00eda es lograr que la visita a las iglesias del valle sea una vivencia grata y, al mismo tiempo, culturalmente enriquecedora. En ella se actualiza la informaci\u00f3n de acuerdo con las investigaciones m\u00e1s recientes. El lector tambi\u00e9n encontrar\u00e1 todo lo que hace referencia a la pintura y a la imaginer\u00eda de estos templos que se conserva en el Museu Nacional d\u2019Art de Catalunya, con el objetivo de\u00a0dar una visi\u00f3n completa de este extraordinario legado art\u00edstico.<\/p>\n","protected":false},"featured_media":42207,"comment_status":"closed","ping_status":"closed","template":"","meta":{"_acf_changed":false,"_monsterinsights_skip_tracking":false,"_monsterinsights_sitenote_active":false,"_monsterinsights_sitenote_note":"","_monsterinsights_sitenote_category":0},"product_brand":[],"product_cat":[1503,1506,1492],"product_tag":[],"class_list":{"0":"post-42201","1":"product","2":"type-product","3":"status-publish","4":"has-post-thumbnail","6":"product_cat-cataluna","7":"product_cat-coleccion-patrimonium","8":"product_cat-guias","9":"pa_idioma-catalan","10":"pa_idioma-english-es","11":"pa_idioma-espanol-es-2","12":"pa_idioma-francais-es","14":"first","15":"instock","16":"taxable","17":"shipping-taxable","18":"purchasable","19":"product-type-variable"},"acf":[],"_links":{"self":[{"href":"https:\/\/triangle.cat\/es\/wp-json\/wp\/v2\/product\/42201","targetHints":{"allow":["GET"]}}],"collection":[{"href":"https:\/\/triangle.cat\/es\/wp-json\/wp\/v2\/product"}],"about":[{"href":"https:\/\/triangle.cat\/es\/wp-json\/wp\/v2\/types\/product"}],"replies":[{"embeddable":true,"href":"https:\/\/triangle.cat\/es\/wp-json\/wp\/v2\/comments?post=42201"}],"wp:featuredmedia":[{"embeddable":true,"href":"https:\/\/triangle.cat\/es\/wp-json\/wp\/v2\/media\/42207"}],"wp:attachment":[{"href":"https:\/\/triangle.cat\/es\/wp-json\/wp\/v2\/media?parent=42201"}],"wp:term":[{"taxonomy":"product_brand","embeddable":true,"href":"https:\/\/triangle.cat\/es\/wp-json\/wp\/v2\/product_brand?post=42201"},{"taxonomy":"product_cat","embeddable":true,"href":"https:\/\/triangle.cat\/es\/wp-json\/wp\/v2\/product_cat?post=42201"},{"taxonomy":"product_tag","embeddable":true,"href":"https:\/\/triangle.cat\/es\/wp-json\/wp\/v2\/product_tag?post=42201"}],"curies":[{"name":"wp","href":"https:\/\/api.w.org\/{rel}","templated":true}]}}