
{"id":42012,"date":"2024-11-11T13:53:12","date_gmt":"2024-11-11T11:53:12","guid":{"rendered":"https:\/\/triangle.cat\/producto\/barcelona-17\/"},"modified":"2024-12-04T12:33:29","modified_gmt":"2024-12-04T10:33:29","slug":"barcelona-17-es","status":"publish","type":"product","link":"https:\/\/triangle.cat\/es\/producto\/barcelona-17-es\/","title":{"rendered":"Barcelona"},"content":{"rendered":"","protected":false},"excerpt":{"rendered":"<p>En Barcelona se forj\u00f3 el genio universal de Mir\u00f3, Dal\u00ed, Gaud\u00ed y Picasso. Un atractivo recorrido por su geograf\u00eda urbana, con los comentarios de artistas y visitantes c\u00e9lebres nos da la medida exacta de su cosmopolitismo.<\/p>\n<p>Pr\u00f3logo de Carlos Zan\u00f3n. Incluye desplegables con fotos panor\u00e1micas.<\/p>\n","protected":false},"featured_media":41953,"comment_status":"closed","ping_status":"closed","template":"","meta":{"_acf_changed":false,"_monsterinsights_skip_tracking":false,"_monsterinsights_sitenote_active":false,"_monsterinsights_sitenote_note":"","_monsterinsights_sitenote_category":0},"product_brand":[],"product_cat":[1540,1529,1460],"product_tag":[],"class_list":{"0":"post-42012","1":"product","2":"type-product","3":"status-publish","4":"has-post-thumbnail","6":"product_cat-barcelona-es-2","7":"product_cat-libros","8":"product_cat-sin-categorizar-es","9":"pa_idioma-multilingue-espanol-english-catala-francais-deutsch-es","11":"first","12":"instock","13":"taxable","14":"shipping-taxable","15":"purchasable","16":"product-type-variable"},"acf":[],"_links":{"self":[{"href":"https:\/\/triangle.cat\/es\/wp-json\/wp\/v2\/product\/42012","targetHints":{"allow":["GET"]}}],"collection":[{"href":"https:\/\/triangle.cat\/es\/wp-json\/wp\/v2\/product"}],"about":[{"href":"https:\/\/triangle.cat\/es\/wp-json\/wp\/v2\/types\/product"}],"replies":[{"embeddable":true,"href":"https:\/\/triangle.cat\/es\/wp-json\/wp\/v2\/comments?post=42012"}],"wp:featuredmedia":[{"embeddable":true,"href":"https:\/\/triangle.cat\/es\/wp-json\/wp\/v2\/media\/41953"}],"wp:attachment":[{"href":"https:\/\/triangle.cat\/es\/wp-json\/wp\/v2\/media?parent=42012"}],"wp:term":[{"taxonomy":"product_brand","embeddable":true,"href":"https:\/\/triangle.cat\/es\/wp-json\/wp\/v2\/product_brand?post=42012"},{"taxonomy":"product_cat","embeddable":true,"href":"https:\/\/triangle.cat\/es\/wp-json\/wp\/v2\/product_cat?post=42012"},{"taxonomy":"product_tag","embeddable":true,"href":"https:\/\/triangle.cat\/es\/wp-json\/wp\/v2\/product_tag?post=42012"}],"curies":[{"name":"wp","href":"https:\/\/api.w.org\/{rel}","templated":true}]}}