
{"id":41774,"date":"2024-10-14T09:10:27","date_gmt":"2024-10-14T07:10:27","guid":{"rendered":"https:\/\/triangle.cat\/producto\/la-alhambra-y-el-generalife\/"},"modified":"2024-12-17T11:40:57","modified_gmt":"2024-12-17T09:40:57","slug":"la-alhambra-y-el-generalife","status":"publish","type":"product","link":"https:\/\/triangle.cat\/es\/producto\/la-alhambra-y-el-generalife\/","title":{"rendered":"La Alhambra y el Generalife"},"content":{"rendered":"","protected":false},"excerpt":{"rendered":"<p>Un delicioso viaje por la Alhambra de Granada, una de las obras maestras que la cultura musulmana erigi\u00f3 en la pen\u00ednsula Ib\u00e9rica y Patrimonio Mundial desde 1984.<\/p>\n<p>Este libro nos gu\u00eda por la Alcazaba, el Mexuar, el palacio de Comares, el Patio de los Leones\u2026 a trav\u00e9s de la riqueza de contrastes de la luz y el agua, el colorido y la exquisita ornamentaci\u00f3n nazar\u00ed de los palacios, jardines y patios.<\/p>\n<p>Un placer para los sentidos.<\/p>\n","protected":false},"featured_media":41713,"comment_status":"closed","ping_status":"closed","template":"","meta":{"_acf_changed":false,"_monsterinsights_skip_tracking":false,"_monsterinsights_sitenote_active":false,"_monsterinsights_sitenote_note":"","_monsterinsights_sitenote_category":0},"product_brand":[],"product_cat":[1534,1460],"product_tag":[],"class_list":{"0":"post-41774","1":"product","2":"type-product","3":"status-publish","4":"has-post-thumbnail","6":"product_cat-andalucia-es-2","7":"product_cat-sin-categorizar-es","8":"pa_idioma-chino","9":"pa_idioma-deutsch-es","10":"pa_idioma-english-es","11":"pa_idioma-espanol-es-2","12":"pa_idioma-francais-es","13":"pa_idioma-italiano-es","15":"first","16":"instock","17":"taxable","18":"shipping-taxable","19":"purchasable","20":"product-type-variable"},"acf":[],"_links":{"self":[{"href":"https:\/\/triangle.cat\/es\/wp-json\/wp\/v2\/product\/41774","targetHints":{"allow":["GET"]}}],"collection":[{"href":"https:\/\/triangle.cat\/es\/wp-json\/wp\/v2\/product"}],"about":[{"href":"https:\/\/triangle.cat\/es\/wp-json\/wp\/v2\/types\/product"}],"replies":[{"embeddable":true,"href":"https:\/\/triangle.cat\/es\/wp-json\/wp\/v2\/comments?post=41774"}],"wp:featuredmedia":[{"embeddable":true,"href":"https:\/\/triangle.cat\/es\/wp-json\/wp\/v2\/media\/41713"}],"wp:attachment":[{"href":"https:\/\/triangle.cat\/es\/wp-json\/wp\/v2\/media?parent=41774"}],"wp:term":[{"taxonomy":"product_brand","embeddable":true,"href":"https:\/\/triangle.cat\/es\/wp-json\/wp\/v2\/product_brand?post=41774"},{"taxonomy":"product_cat","embeddable":true,"href":"https:\/\/triangle.cat\/es\/wp-json\/wp\/v2\/product_cat?post=41774"},{"taxonomy":"product_tag","embeddable":true,"href":"https:\/\/triangle.cat\/es\/wp-json\/wp\/v2\/product_tag?post=41774"}],"curies":[{"name":"wp","href":"https:\/\/api.w.org\/{rel}","templated":true}]}}