
{"id":41298,"date":"2024-07-29T12:55:37","date_gmt":"2024-07-29T10:55:37","guid":{"rendered":"https:\/\/triangle.cat\/producto\/esglesies-deivissa-i-formentera\/"},"modified":"2025-11-05T14:35:49","modified_gmt":"2025-11-05T12:35:49","slug":"iglesias-de-ibiza-y-formentera","status":"publish","type":"product","link":"https:\/\/triangle.cat\/es\/producto\/iglesias-de-ibiza-y-formentera\/","title":{"rendered":"Iglesias de Ibiza y Formentera"},"content":{"rendered":"","protected":false},"excerpt":{"rendered":"<p>Gestado durando cerca de cincuenta a\u00f1os, este libro, obra del prestigioso arquitecto El\u00edas Torres, es una inmersi\u00f3n en el rico patrimonio arquitect\u00f3nico religioso de Ibiza y Formentera.<\/p>\n<p>A trav\u00e9s de planos arquitect\u00f3nicos, textos descriptivos y las fotograf\u00edas de Michael Moran, la obra presenta las particularidades de cada templo como nunca se ha hecho antes.<\/p>\n<p>Por medio del testigo vital del arquitecto, el libro tambi\u00e9n recoge la profunda importancia de estas iglesias en la vida de la comunidad piti\u00fcsa.<\/p>\n<p><a href=\"https:\/\/triangle.cat\/wp-content\/uploads\/2025\/01\/conselleria_ieb-nou__1_-removebg-preview.png\"><img loading=\"lazy\" decoding=\"async\" class=\"alignnone  wp-image-43381\" src=\"https:\/\/triangle.cat\/wp-content\/uploads\/2025\/01\/conselleria_ieb-nou__1_-removebg-preview-600x96.png\" alt=\"\" width=\"388\" height=\"62\" srcset=\"https:\/\/triangle.cat\/wp-content\/uploads\/2025\/01\/conselleria_ieb-nou__1_-removebg-preview-600x96.png 600w, https:\/\/triangle.cat\/wp-content\/uploads\/2025\/01\/conselleria_ieb-nou__1_-removebg-preview-1030x165.png 1030w, https:\/\/triangle.cat\/wp-content\/uploads\/2025\/01\/conselleria_ieb-nou__1_-removebg-preview-768x123.png 768w, https:\/\/triangle.cat\/wp-content\/uploads\/2025\/01\/conselleria_ieb-nou__1_-removebg-preview-705x113.png 705w, https:\/\/triangle.cat\/wp-content\/uploads\/2025\/01\/conselleria_ieb-nou__1_-removebg-preview-450x72.png 450w, https:\/\/triangle.cat\/wp-content\/uploads\/2025\/01\/conselleria_ieb-nou__1_-removebg-preview.png 1246w\" sizes=\"auto, (max-width: 388px) 100vw, 388px\" \/><\/a><\/p>\n","protected":false},"featured_media":41223,"comment_status":"closed","ping_status":"closed","template":"","meta":{"_acf_changed":false,"_monsterinsights_skip_tracking":false,"_monsterinsights_sitenote_active":false,"_monsterinsights_sitenote_note":"","_monsterinsights_sitenote_category":0},"product_brand":[],"product_cat":[1537,1552,1460],"product_tag":[],"class_list":{"0":"post-41298","1":"product","2":"type-product","3":"status-publish","4":"has-post-thumbnail","6":"product_cat-arte-y-arquitectura-es","7":"product_cat-ibiza-formentera-es","8":"product_cat-sin-categorizar-es","9":"pa_idioma-catalan","10":"pa_idioma-english-es","11":"pa_idioma-espanol-es-2","13":"first","14":"instock","15":"taxable","16":"shipping-taxable","17":"purchasable","18":"product-type-variable"},"acf":[],"_links":{"self":[{"href":"https:\/\/triangle.cat\/es\/wp-json\/wp\/v2\/product\/41298","targetHints":{"allow":["GET"]}}],"collection":[{"href":"https:\/\/triangle.cat\/es\/wp-json\/wp\/v2\/product"}],"about":[{"href":"https:\/\/triangle.cat\/es\/wp-json\/wp\/v2\/types\/product"}],"replies":[{"embeddable":true,"href":"https:\/\/triangle.cat\/es\/wp-json\/wp\/v2\/comments?post=41298"}],"wp:featuredmedia":[{"embeddable":true,"href":"https:\/\/triangle.cat\/es\/wp-json\/wp\/v2\/media\/41223"}],"wp:attachment":[{"href":"https:\/\/triangle.cat\/es\/wp-json\/wp\/v2\/media?parent=41298"}],"wp:term":[{"taxonomy":"product_brand","embeddable":true,"href":"https:\/\/triangle.cat\/es\/wp-json\/wp\/v2\/product_brand?post=41298"},{"taxonomy":"product_cat","embeddable":true,"href":"https:\/\/triangle.cat\/es\/wp-json\/wp\/v2\/product_cat?post=41298"},{"taxonomy":"product_tag","embeddable":true,"href":"https:\/\/triangle.cat\/es\/wp-json\/wp\/v2\/product_tag?post=41298"}],"curies":[{"name":"wp","href":"https:\/\/api.w.org\/{rel}","templated":true}]}}