
{"id":40974,"date":"2024-07-17T14:14:47","date_gmt":"2024-07-17T12:14:47","guid":{"rendered":"https:\/\/triangle.cat\/producto\/catedral-de-mallorca\/"},"modified":"2025-03-14T11:25:19","modified_gmt":"2025-03-14T09:25:19","slug":"catedral-de-mallorca","status":"publish","type":"product","link":"https:\/\/triangle.cat\/es\/producto\/catedral-de-mallorca\/","title":{"rendered":"Catedral de Mallorca"},"content":{"rendered":"","protected":false},"excerpt":{"rendered":"<p>Los or\u00edgenes de la construcci\u00f3n de la Catedral de Mallorca se remontan a la conquista de Mallorca en 1229 por el rey Jaime I de Arag\u00f3n, quien orden\u00f3 utilizar la antigua mezquita como templo para el culto cristiano bajo la invocaci\u00f3n de la Virgen Mar\u00eda. Hoy la catedral es resultado de m\u00e1s de siete siglos de historia, un templo vivo en el que encontramos intervenciones tan destacadas como la reforma de Antoni Gaud\u00ed o la de Miquel Barcel\u00f3. En esta gu\u00eda podr\u00e1s descubrir el significado y la importancia de la catedral como iglesia principal de la Di\u00f3cesis, su historia y las obras m\u00e1s significativas y\u00a0singulares que conserva en su interior.<\/p>\n","protected":false},"featured_media":40981,"comment_status":"closed","ping_status":"closed","template":"","meta":{"_acf_changed":false,"_monsterinsights_skip_tracking":false,"_monsterinsights_sitenote_active":false,"_monsterinsights_sitenote_note":"","_monsterinsights_sitenote_category":0},"product_brand":[],"product_cat":[1506,1492,1527,1460],"product_tag":[],"class_list":{"0":"post-40974","1":"product","2":"type-product","3":"status-publish","4":"has-post-thumbnail","6":"product_cat-coleccion-patrimonium","7":"product_cat-guias","8":"product_cat-islas-baleares","9":"product_cat-sin-categorizar-es","10":"pa_idioma-alemany-es","11":"pa_idioma-catalan","12":"pa_idioma-espanol-es-2","13":"pa_idioma-frances-es","14":"pa_idioma-ingles","16":"first","17":"instock","18":"taxable","19":"shipping-taxable","20":"purchasable","21":"product-type-variable"},"acf":[],"_links":{"self":[{"href":"https:\/\/triangle.cat\/es\/wp-json\/wp\/v2\/product\/40974","targetHints":{"allow":["GET"]}}],"collection":[{"href":"https:\/\/triangle.cat\/es\/wp-json\/wp\/v2\/product"}],"about":[{"href":"https:\/\/triangle.cat\/es\/wp-json\/wp\/v2\/types\/product"}],"replies":[{"embeddable":true,"href":"https:\/\/triangle.cat\/es\/wp-json\/wp\/v2\/comments?post=40974"}],"wp:featuredmedia":[{"embeddable":true,"href":"https:\/\/triangle.cat\/es\/wp-json\/wp\/v2\/media\/40981"}],"wp:attachment":[{"href":"https:\/\/triangle.cat\/es\/wp-json\/wp\/v2\/media?parent=40974"}],"wp:term":[{"taxonomy":"product_brand","embeddable":true,"href":"https:\/\/triangle.cat\/es\/wp-json\/wp\/v2\/product_brand?post=40974"},{"taxonomy":"product_cat","embeddable":true,"href":"https:\/\/triangle.cat\/es\/wp-json\/wp\/v2\/product_cat?post=40974"},{"taxonomy":"product_tag","embeddable":true,"href":"https:\/\/triangle.cat\/es\/wp-json\/wp\/v2\/product_tag?post=40974"}],"curies":[{"name":"wp","href":"https:\/\/api.w.org\/{rel}","templated":true}]}}