
{"id":40916,"date":"2024-07-17T13:28:49","date_gmt":"2024-07-17T11:28:49","guid":{"rendered":"https:\/\/triangle.cat\/producto\/quins-animalons-hi-trobem-a-la-mar-mediterrania\/"},"modified":"2025-02-10T15:53:39","modified_gmt":"2025-02-10T13:53:39","slug":"que-animales-encontramos-en-el-mar-mediterraneo","status":"publish","type":"product","link":"https:\/\/triangle.cat\/es\/producto\/que-animales-encontramos-en-el-mar-mediterraneo\/","title":{"rendered":"\u00bfQu\u00e9 animales encontramos en el mar Mediterr\u00e1neo?"},"content":{"rendered":"","protected":false},"excerpt":{"rendered":"<p>En el mar mediterr\u00e1neo encontramos muchos animales, \u00a1descubre cu\u00e1les hay en este peque\u00f1o libro mientras aprendes idiomas! \u201cQu\u00e9 animales encontramos en el mar Mediterr\u00e1neo?\u201d es un cuento de cart\u00f3n grueso reciclado que lleva los ni\u00f1os a descubrir los misterios del mar de forma amena y divertida poniendo en valor los elementos naturales y culturales del Mediterr\u00e1neo. Pensado para el inicio de la lectura \u2013utilizando car\u00e1cteres en may\u00fascula\u2013 tambi\u00e9n consigue despertar el inter\u00e9s por otros idiomas, ya que podr\u00e1 leer un texto similar en tres lenguas en cada una de sus versiones (espa\u00f1ol-ingl\u00e9s-franc\u00e9s \/ catal\u00e1n-espa\u00f1ol-ingl\u00e9s).<\/p>\n<p><a href=\"https:\/\/triangle.cat\/wp-content\/uploads\/2025\/01\/conselleria_ieb-nou__1_-removebg-preview.png\"><img loading=\"lazy\" decoding=\"async\" class=\"alignnone  wp-image-43381\" src=\"https:\/\/triangle.cat\/wp-content\/uploads\/2025\/01\/conselleria_ieb-nou__1_-removebg-preview-600x96.png\" alt=\"\" width=\"388\" height=\"62\" srcset=\"https:\/\/triangle.cat\/wp-content\/uploads\/2025\/01\/conselleria_ieb-nou__1_-removebg-preview-600x96.png 600w, https:\/\/triangle.cat\/wp-content\/uploads\/2025\/01\/conselleria_ieb-nou__1_-removebg-preview-1030x165.png 1030w, https:\/\/triangle.cat\/wp-content\/uploads\/2025\/01\/conselleria_ieb-nou__1_-removebg-preview-768x123.png 768w, https:\/\/triangle.cat\/wp-content\/uploads\/2025\/01\/conselleria_ieb-nou__1_-removebg-preview-705x113.png 705w, https:\/\/triangle.cat\/wp-content\/uploads\/2025\/01\/conselleria_ieb-nou__1_-removebg-preview-450x72.png 450w, https:\/\/triangle.cat\/wp-content\/uploads\/2025\/01\/conselleria_ieb-nou__1_-removebg-preview.png 1246w\" sizes=\"auto, (max-width: 388px) 100vw, 388px\" \/><\/a><\/p>\n","protected":false},"featured_media":40903,"comment_status":"closed","ping_status":"closed","template":"","meta":{"_acf_changed":false,"_monsterinsights_skip_tracking":false,"_monsterinsights_sitenote_active":false,"_monsterinsights_sitenote_note":"","_monsterinsights_sitenote_category":0},"product_brand":[],"product_cat":[1564,1913],"product_tag":[],"class_list":{"0":"post-40916","1":"product","2":"type-product","3":"status-publish","4":"has-post-thumbnail","6":"product_cat-infantil-es","7":"product_cat-llibres-infantils-es","8":"pa_idioma-multilingue-catala-espanol-english-es","9":"pa_idioma-multilingue-espanol-english-francais-es","11":"first","12":"instock","13":"taxable","14":"shipping-taxable","15":"purchasable","16":"product-type-variable"},"acf":[],"_links":{"self":[{"href":"https:\/\/triangle.cat\/es\/wp-json\/wp\/v2\/product\/40916","targetHints":{"allow":["GET"]}}],"collection":[{"href":"https:\/\/triangle.cat\/es\/wp-json\/wp\/v2\/product"}],"about":[{"href":"https:\/\/triangle.cat\/es\/wp-json\/wp\/v2\/types\/product"}],"replies":[{"embeddable":true,"href":"https:\/\/triangle.cat\/es\/wp-json\/wp\/v2\/comments?post=40916"}],"wp:featuredmedia":[{"embeddable":true,"href":"https:\/\/triangle.cat\/es\/wp-json\/wp\/v2\/media\/40903"}],"wp:attachment":[{"href":"https:\/\/triangle.cat\/es\/wp-json\/wp\/v2\/media?parent=40916"}],"wp:term":[{"taxonomy":"product_brand","embeddable":true,"href":"https:\/\/triangle.cat\/es\/wp-json\/wp\/v2\/product_brand?post=40916"},{"taxonomy":"product_cat","embeddable":true,"href":"https:\/\/triangle.cat\/es\/wp-json\/wp\/v2\/product_cat?post=40916"},{"taxonomy":"product_tag","embeddable":true,"href":"https:\/\/triangle.cat\/es\/wp-json\/wp\/v2\/product_tag?post=40916"}],"curies":[{"name":"wp","href":"https:\/\/api.w.org\/{rel}","templated":true}]}}