
{"id":40888,"date":"2024-07-17T12:54:44","date_gmt":"2024-07-17T10:54:44","guid":{"rendered":"https:\/\/triangle.cat\/producto\/pack-postals-per-a-pintar\/"},"modified":"2024-10-31T13:31:17","modified_gmt":"2024-10-31T11:31:17","slug":"pack-postales-para-colorear","status":"publish","type":"product","link":"https:\/\/triangle.cat\/es\/producto\/pack-postales-para-colorear\/","title":{"rendered":"Alhambra"},"content":{"rendered":"","protected":false},"excerpt":{"rendered":"<p>Ahora, t\u00fa eliges el COLOR Ahora, t\u00fa escoges el COLOR de la Alhambra. Un pack de postales para jugar y aprender donde quiera que est\u00e9s y enviar tus espectaculares creaciones a tu familia o a tus amigos. Admira el patio de los Leones, pasea por los jardines del Generalife, entra en el palacio de Carlos V, sube a las murallas de la Alcazaba, refl\u00e9jate en las tranquilas aguas de la alberca del patio de los Arrayanes&#8230; \u00a1No hay nada que no puedas pintar! \u00a1Una fusi\u00f3n perfecta de creatividad, diversi\u00f3n y aprendizaje!<\/p>\n","protected":false},"featured_media":40884,"comment_status":"closed","ping_status":"closed","template":"","meta":{"_acf_changed":false,"_monsterinsights_skip_tracking":false,"_monsterinsights_sitenote_active":false,"_monsterinsights_sitenote_note":"","_monsterinsights_sitenote_category":0},"product_brand":[],"product_cat":[1564],"product_tag":[],"class_list":{"0":"post-40888","1":"product","2":"type-product","3":"status-publish","4":"has-post-thumbnail","6":"product_cat-infantil-es","8":"first","9":"instock","10":"taxable","11":"shipping-taxable","12":"purchasable","13":"product-type-simple"},"acf":[],"_links":{"self":[{"href":"https:\/\/triangle.cat\/es\/wp-json\/wp\/v2\/product\/40888","targetHints":{"allow":["GET"]}}],"collection":[{"href":"https:\/\/triangle.cat\/es\/wp-json\/wp\/v2\/product"}],"about":[{"href":"https:\/\/triangle.cat\/es\/wp-json\/wp\/v2\/types\/product"}],"replies":[{"embeddable":true,"href":"https:\/\/triangle.cat\/es\/wp-json\/wp\/v2\/comments?post=40888"}],"wp:featuredmedia":[{"embeddable":true,"href":"https:\/\/triangle.cat\/es\/wp-json\/wp\/v2\/media\/40884"}],"wp:attachment":[{"href":"https:\/\/triangle.cat\/es\/wp-json\/wp\/v2\/media?parent=40888"}],"wp:term":[{"taxonomy":"product_brand","embeddable":true,"href":"https:\/\/triangle.cat\/es\/wp-json\/wp\/v2\/product_brand?post=40888"},{"taxonomy":"product_cat","embeddable":true,"href":"https:\/\/triangle.cat\/es\/wp-json\/wp\/v2\/product_cat?post=40888"},{"taxonomy":"product_tag","embeddable":true,"href":"https:\/\/triangle.cat\/es\/wp-json\/wp\/v2\/product_tag?post=40888"}],"curies":[{"name":"wp","href":"https:\/\/api.w.org\/{rel}","templated":true}]}}