
{"id":40760,"date":"2024-07-17T12:25:33","date_gmt":"2024-07-17T10:25:33","guid":{"rendered":"https:\/\/triangle.cat\/producto\/mapa-de-lalhambra-per-a-pintar\/"},"modified":"2024-07-17T12:43:53","modified_gmt":"2024-07-17T10:43:53","slug":"mapa-de-la-alhambra-para-colorear","status":"publish","type":"product","link":"https:\/\/triangle.cat\/es\/producto\/mapa-de-la-alhambra-para-colorear\/","title":{"rendered":"Mapa de la Alhambra para colorear"},"content":{"rendered":"","protected":false},"excerpt":{"rendered":"<p>\u00a1Para pintar y disfrutar a lo grande! Ni\u00f1os y mayores (solos o en colaboraci\u00f3n), podr\u00e1n explorar esta joya del arte musulm\u00e1n declarada Patrimonio Mundial de la Unesco. Pasear\u00e1n por diferentes \u00e9pocas y palacios acompa\u00f1ados por el agua de albercas y fuentes, como la de los Leones, la m\u00e1s famosa de la Alhambra. Y disfrutar\u00e1n de jardines tan maravillosos como los del Generalife. \u00a1Todo esto y mucho m\u00e1s!<\/p>\n","protected":false},"featured_media":40749,"comment_status":"closed","ping_status":"closed","template":"","meta":{"_acf_changed":false,"_monsterinsights_skip_tracking":false,"_monsterinsights_sitenote_active":false,"_monsterinsights_sitenote_note":"","_monsterinsights_sitenote_category":0},"product_brand":[],"product_cat":[1564],"product_tag":[],"class_list":{"0":"post-40760","1":"product","2":"type-product","3":"status-publish","4":"has-post-thumbnail","6":"product_cat-infantil-es","7":"pa_idioma-espanol-es-2","8":"pa_idioma-ingles","10":"first","11":"instock","12":"taxable","13":"shipping-taxable","14":"purchasable","15":"product-type-variable"},"acf":[],"_links":{"self":[{"href":"https:\/\/triangle.cat\/es\/wp-json\/wp\/v2\/product\/40760","targetHints":{"allow":["GET"]}}],"collection":[{"href":"https:\/\/triangle.cat\/es\/wp-json\/wp\/v2\/product"}],"about":[{"href":"https:\/\/triangle.cat\/es\/wp-json\/wp\/v2\/types\/product"}],"replies":[{"embeddable":true,"href":"https:\/\/triangle.cat\/es\/wp-json\/wp\/v2\/comments?post=40760"}],"wp:featuredmedia":[{"embeddable":true,"href":"https:\/\/triangle.cat\/es\/wp-json\/wp\/v2\/media\/40749"}],"wp:attachment":[{"href":"https:\/\/triangle.cat\/es\/wp-json\/wp\/v2\/media?parent=40760"}],"wp:term":[{"taxonomy":"product_brand","embeddable":true,"href":"https:\/\/triangle.cat\/es\/wp-json\/wp\/v2\/product_brand?post=40760"},{"taxonomy":"product_cat","embeddable":true,"href":"https:\/\/triangle.cat\/es\/wp-json\/wp\/v2\/product_cat?post=40760"},{"taxonomy":"product_tag","embeddable":true,"href":"https:\/\/triangle.cat\/es\/wp-json\/wp\/v2\/product_tag?post=40760"}],"curies":[{"name":"wp","href":"https:\/\/api.w.org\/{rel}","templated":true}]}}