
{"id":40738,"date":"2024-07-17T11:54:45","date_gmt":"2024-07-17T09:54:45","guid":{"rendered":"https:\/\/triangle.cat\/producto\/menorca-postals-per-a-pintar\/"},"modified":"2024-11-14T17:01:57","modified_gmt":"2024-11-14T15:01:57","slug":"menorca-postales-para-colorear","status":"publish","type":"product","link":"https:\/\/triangle.cat\/es\/producto\/menorca-postales-para-colorear\/","title":{"rendered":"Menorca"},"content":{"rendered":"","protected":false},"excerpt":{"rendered":"<p>Ahora, \u00a1las postales cambian de COLOR!<\/p>\n<p>Ya ha llegado la nueva colecci\u00f3n de 8 postales de Menorca para colorear. Est\u00e1n disponibles por separado o las ocho en una pr\u00e1ctica carpeta. Los m\u00e1s peque\u00f1os (y tambi\u00e9n los mayores, claro), adem\u00e1s de expresar su experiencia en la isla con palabras, podr\u00e1n sacar al artista que llevan dentro.<\/p>\n<p>\u00a1Qu\u00e9 gran sorpresa para los amigos y familia-res cuando abran el buz\u00f3n!<\/p>\n<p>ISBN: 842-44-5502-542-5<\/p>\n","protected":false},"featured_media":42112,"comment_status":"closed","ping_status":"closed","template":"","meta":{"_acf_changed":false,"_monsterinsights_skip_tracking":false,"_monsterinsights_sitenote_active":false,"_monsterinsights_sitenote_note":"","_monsterinsights_sitenote_category":0},"product_brand":[],"product_cat":[1564],"product_tag":[],"class_list":{"0":"post-40738","1":"product","2":"type-product","3":"status-publish","4":"has-post-thumbnail","6":"product_cat-infantil-es","8":"first","9":"instock","10":"taxable","11":"shipping-taxable","12":"purchasable","13":"product-type-simple"},"acf":[],"_links":{"self":[{"href":"https:\/\/triangle.cat\/es\/wp-json\/wp\/v2\/product\/40738","targetHints":{"allow":["GET"]}}],"collection":[{"href":"https:\/\/triangle.cat\/es\/wp-json\/wp\/v2\/product"}],"about":[{"href":"https:\/\/triangle.cat\/es\/wp-json\/wp\/v2\/types\/product"}],"replies":[{"embeddable":true,"href":"https:\/\/triangle.cat\/es\/wp-json\/wp\/v2\/comments?post=40738"}],"wp:featuredmedia":[{"embeddable":true,"href":"https:\/\/triangle.cat\/es\/wp-json\/wp\/v2\/media\/42112"}],"wp:attachment":[{"href":"https:\/\/triangle.cat\/es\/wp-json\/wp\/v2\/media?parent=40738"}],"wp:term":[{"taxonomy":"product_brand","embeddable":true,"href":"https:\/\/triangle.cat\/es\/wp-json\/wp\/v2\/product_brand?post=40738"},{"taxonomy":"product_cat","embeddable":true,"href":"https:\/\/triangle.cat\/es\/wp-json\/wp\/v2\/product_cat?post=40738"},{"taxonomy":"product_tag","embeddable":true,"href":"https:\/\/triangle.cat\/es\/wp-json\/wp\/v2\/product_tag?post=40738"}],"curies":[{"name":"wp","href":"https:\/\/api.w.org\/{rel}","templated":true}]}}