
{"id":40663,"date":"2024-07-05T18:02:31","date_gmt":"2024-07-05T16:02:31","guid":{"rendered":"https:\/\/triangle.cat\/producto\/alhambra-palacios-nazaries\/"},"modified":"2025-03-12T15:01:26","modified_gmt":"2025-03-12T13:01:26","slug":"alhambra-palacios-nazaries","status":"publish","type":"product","link":"https:\/\/triangle.cat\/es\/producto\/alhambra-palacios-nazaries\/","title":{"rendered":"Alhambra. Palacios Nazar\u00edes"},"content":{"rendered":"","protected":false},"excerpt":{"rendered":"<p>Los Palacios Nazar\u00edes son el aut\u00e9ntico coraz\u00f3n de la Alhambra, obra cumbre del arte universal y Patrimonio Mundial de la Unesco desde 1984.<br \/>\nConstruidos a lo largo del siglo xiv, el Mexuar, el Palacio de Comares y el Palacio de los Leones, residencias de los soberanos de la dinast\u00eda nazar\u00ed, sorprenden por el contraste entre sus austeros muros exteriores y unos patios interiores y unas estancias en las que los artistas dieron rienda suelta a su talento uniendo en consonan-cia los z\u00f3calos de alicatados, las yeser\u00edas murales y los artesonados de los techos, todos con motivos geom\u00e9tricos, epigr\u00e1ficos y vegetales.<\/p>\n<p>Este libro muestra c\u00f3mo la ar-mon\u00eda entre la arquitectura, la decoraci\u00f3n y el agua alcanza las cotas m\u00e1s elevadas en los Palacios Nazar\u00edes.<\/p>\n","protected":false},"featured_media":40511,"comment_status":"closed","ping_status":"closed","template":"","meta":{"_acf_changed":false,"_monsterinsights_skip_tracking":false,"_monsterinsights_sitenote_active":false,"_monsterinsights_sitenote_note":"","_monsterinsights_sitenote_category":0},"product_brand":[],"product_cat":[1495,1534,1492,1529],"product_tag":[],"class_list":{"0":"post-40663","1":"product","2":"type-product","3":"status-publish","4":"has-post-thumbnail","6":"product_cat-andalucia-es","7":"product_cat-andalucia-es-2","8":"product_cat-guias","9":"product_cat-libros","10":"pa_idioma-chino","11":"pa_idioma-coreano","12":"pa_idioma-deutsch-es","13":"pa_idioma-english-es","14":"pa_idioma-espanol-es-2","15":"pa_idioma-francais-es","16":"pa_idioma-italiano-es","17":"pa_idioma-japones-es","18":"pa_idioma-nederlands-es","19":"pa_idioma-portugues-es","20":"pa_idioma-ruso","21":"pa_idioma-arab-es","23":"first","24":"instock","25":"taxable","26":"shipping-taxable","27":"purchasable","28":"product-type-variable"},"acf":[],"_links":{"self":[{"href":"https:\/\/triangle.cat\/es\/wp-json\/wp\/v2\/product\/40663","targetHints":{"allow":["GET"]}}],"collection":[{"href":"https:\/\/triangle.cat\/es\/wp-json\/wp\/v2\/product"}],"about":[{"href":"https:\/\/triangle.cat\/es\/wp-json\/wp\/v2\/types\/product"}],"replies":[{"embeddable":true,"href":"https:\/\/triangle.cat\/es\/wp-json\/wp\/v2\/comments?post=40663"}],"wp:featuredmedia":[{"embeddable":true,"href":"https:\/\/triangle.cat\/es\/wp-json\/wp\/v2\/media\/40511"}],"wp:attachment":[{"href":"https:\/\/triangle.cat\/es\/wp-json\/wp\/v2\/media?parent=40663"}],"wp:term":[{"taxonomy":"product_brand","embeddable":true,"href":"https:\/\/triangle.cat\/es\/wp-json\/wp\/v2\/product_brand?post=40663"},{"taxonomy":"product_cat","embeddable":true,"href":"https:\/\/triangle.cat\/es\/wp-json\/wp\/v2\/product_cat?post=40663"},{"taxonomy":"product_tag","embeddable":true,"href":"https:\/\/triangle.cat\/es\/wp-json\/wp\/v2\/product_tag?post=40663"}],"curies":[{"name":"wp","href":"https:\/\/api.w.org\/{rel}","templated":true}]}}